{"id":2415,"date":"2018-05-01T09:24:00","date_gmt":"2018-05-01T09:24:00","guid":{"rendered":"https:\/\/www.asilah-darmanara.com\/habitaciones\/habitacion-mimosa\/"},"modified":"2018-09-19T09:32:20","modified_gmt":"2018-09-19T09:32:20","slug":"habitacion-mimosa","status":"publish","type":"page","link":"https:\/\/www.asilah-darmanara.com\/fr\/habitaciones\/habitacion-mimosa\/","title":{"rendered":"Chambre Mimosa"},"content":{"rendered":"<p>[et_pb_section fb_built=&#8221;1&#8243; _builder_version=&#8221;3.1.1&#8243; custom_margin=&#8221;0px|0px|0px|0px&#8221; custom_padding=&#8221;0px|0px|0px|0px&#8221;][et_pb_row custom_padding=&#8221;0px|0px|0px|0px&#8221; custom_margin=&#8221;0px|0px|0px|0px&#8221; padding_top_1=&#8221;0px&#8221; padding_right_1=&#8221;0px&#8221; padding_bottom_1=&#8221;0px&#8221; padding_left_1=&#8221;0px&#8221; _builder_version=&#8221;3.1.1&#8243; module_alignment=&#8221;center&#8221; custom_css_main_element=&#8221;width: 100%!important;||max-width: 100%!important;&#8221;][et_pb_column type=&#8221;4_4&#8243; _builder_version=&#8221;3.0.47&#8243; padding_bottom=&#8221;0px&#8221; padding_left=&#8221;0px&#8221; padding_right=&#8221;0px&#8221; padding_top=&#8221;0px&#8221; parallax=&#8221;off&#8221; parallax_method=&#8221;on&#8221;][et_pb_slider show_arrows=&#8221;off&#8221; _builder_version=&#8221;3.1.1&#8243; auto=&#8221;on&#8221; auto_speed=&#8221;5000&#8243; custom_css_main_element=&#8221;width: 100%!important;|| max-width: 100%!important;&#8221;][et_pb_slide heading=&#8221;Chambre Mimosa&#8221; use_bg_overlay=&#8221;off&#8221; use_text_overlay=&#8221;on&#8221; text_overlay_color=&#8221;rgba(0,0,0,0)&#8221; text_border_radius=&#8221;10&#8243; _builder_version=&#8221;3.1.1&#8243; header_level=&#8221;h1&#8243; header_font=&#8221;Montez||||||||&#8221; header_font_size=&#8221;100&#8243; header_font_size_tablet=&#8221;40&#8243; header_font_size_phone=&#8221;40&#8243; header_font_size_last_edited=&#8221;on|phone&#8221; background_image=&#8221;https:\/\/www.asilah-darmanara.com\/wp-content\/uploads\/2018\/06\/tablera-min.jpg&#8221; button_on_hover=&#8221;on&#8221;][\/et_pb_slide][et_pb_slide heading=&#8221;Chambre&#8221; use_bg_overlay=&#8221;off&#8221; use_text_overlay=&#8221;on&#8221; text_overlay_color=&#8221;rgba(0,0,0,0)&#8221; text_border_radius=&#8221;10&#8243; _builder_version=&#8221;3.1.1&#8243; header_level=&#8221;h1&#8243; header_font=&#8221;Montez||||||||&#8221; header_font_size=&#8221;100&#8243; header_font_size_tablet=&#8221;40&#8243; header_font_size_phone=&#8221;40&#8243; header_font_size_last_edited=&#8221;on|phone&#8221; background_image=&#8221;https:\/\/www.asilah-darmanara.com\/wp-content\/uploads\/2018\/07\/habitacionmimosa-carrusel-2.jpg&#8221; background_position=&#8221;bottom_center&#8221; button_on_hover=&#8221;on&#8221;][\/et_pb_slide][\/et_pb_slider][\/et_pb_column][\/et_pb_row][\/et_pb_section][et_pb_section fb_built=&#8221;1&#8243; _builder_version=&#8221;3.0.47&#8243;][et_pb_row _builder_version=&#8221;3.1.1&#8243;][et_pb_column type=&#8221;4_4&#8243; _builder_version=&#8221;3.0.47&#8243; parallax=&#8221;off&#8221; parallax_method=&#8221;on&#8221;][et_pb_divider _builder_version=&#8221;3.1.1&#8243;]&nbsp;<br \/>\n[\/et_pb_divider][et_pb_text disabled_on=&#8221;on|on|&#8221; _builder_version=&#8221;3.1.1&#8243; text_font=&#8221;Montez||||||||&#8221; text_text_color=&#8221;#8e4107&#8243; text_font_size=&#8221;80px&#8221; header_font=&#8221;Montez||||||||&#8221; header_text_color=&#8221;#8e4208&#8243;]<\/p>\n<p style=\"text-align: center;\">Chambre Mimosa<\/p>\n<p>[\/et_pb_text][et_pb_text disabled_on=&#8221;off|off|on&#8221; _builder_version=&#8221;3.1.1&#8243; text_font=&#8221;Montez||||||||&#8221; text_text_color=&#8221;#8e4107&#8243; text_font_size=&#8221;50px&#8221; header_font=&#8221;Montez||||||||&#8221; header_text_color=&#8221;#8e4208&#8243;]<\/p>\n<p style=\"text-align: center;\">Chambre<\/p>\n<p style=\"text-align: center;\">Mimosa<\/p>\n<p>[\/et_pb_text][\/et_pb_column][\/et_pb_row][et_pb_row custom_padding=&#8221;54px|0px|27px|0px&#8221; _builder_version=&#8221;3.0.47&#8243; background_size=&#8221;initial&#8221; background_position=&#8221;top_left&#8221; background_repeat=&#8221;repeat&#8221;][et_pb_column type=&#8221;1_2&#8243; _builder_version=&#8221;3.0.47&#8243; parallax=&#8221;off&#8221; parallax_method=&#8221;on&#8221;][et_pb_image src=&#8221;\/wp-content\/uploads\/2018\/06\/mimosa-min.png&#8221; _builder_version=&#8221;3.1.1&#8243; max_width=&#8221;52%&#8221;]&nbsp;<br \/>\n[\/et_pb_image][\/et_pb_column][et_pb_column type=&#8221;1_2&#8243; _builder_version=&#8221;3.0.47&#8243; parallax=&#8221;off&#8221; parallax_method=&#8221;on&#8221;][et_pb_text disabled_on=&#8221;on|on|off&#8221; _builder_version=&#8221;3.1.1&#8243; text_font_size=&#8221;18px&#8221; custom_margin=&#8221;|||-200px&#8221; custom_padding=&#8221;|||&#8221;]La couleur jaune repr\u00e9sente l\u2019\u00e9nergie, la force.<\/p>\n<p>Le parfum de mimosa signifie s\u00e9curit\u00e9.<br \/>\n[\/et_pb_text][et_pb_text disabled_on=&#8221;off|off|on&#8221; _builder_version=&#8221;3.1.1&#8243; text_font_size=&#8221;18px&#8221; custom_padding=&#8221;|||&#8221;]&nbsp;<\/p>\n<p>La couleur jaune repr\u00e9sente l\u2019\u00e9nergie, la force.<\/p>\n<p>Le parfum de mimosa signifie s\u00e9curit\u00e9.<br \/>\n[\/et_pb_text][\/et_pb_column][\/et_pb_row][et_pb_row custom_padding=&#8221;27px|0px|20px|0px&#8221; _builder_version=&#8221;3.0.47&#8243; background_size=&#8221;initial&#8221; background_position=&#8221;top_left&#8221; background_repeat=&#8221;repeat&#8221;][et_pb_column type=&#8221;4_4&#8243; _builder_version=&#8221;3.0.47&#8243; parallax=&#8221;off&#8221; parallax_method=&#8221;on&#8221;][et_pb_text _builder_version=&#8221;3.1.1&#8243;]<\/p>\n<div class=\"ml-slider-3-7-2 metaslider metaslider-flex metaslider-885 ml-slider ml-slider-lightbox-1-10-1 simple-lightbox-2-6-0\" style=\"width: 100%;\">\n<div id=\"metaslider_container_885\"><\/div>\n<\/div>\n<p><div id=\"metaslider-id-885\" style=\"width: 100%;\" class=\"ml-slider-3-108-0 metaslider metaslider-flex metaslider-885 ml-slider has-dots-nav ml-slider-lightbox-2-22-0 simple-lightbox-2-9-5 ms-theme-default\" role=\"region\" aria-label=\"Mimosa\" data-height=\"650\" data-width=\"900\">\n    <div id=\"metaslider_container_885\">\n        <div id=\"metaslider_885\">\n            <ul class='slides'>\n                <li style=\"display: block; width: 100%;\" class=\"slide-914 ms-image \" aria-roledescription=\"slide\" data-date=\"2018-06-05 17:27:55\" data-filename=\"2-CABEZALES-MIMOSA-900x650.jpg\" data-slide-type=\"image\"><img fetchpriority=\"high\" decoding=\"async\" src=\"https:\/\/www.asilah-darmanara.com\/wp-content\/uploads\/2018\/07\/2-CABEZALES-MIMOSA-900x650.jpg\" height=\"650\" width=\"900\" alt=\"\" class=\"slider-885 slide-914 msDefaultImage ml-lightbox-enabled\" title=\"2 CABEZALES MIMOSA\" \/><\/li>\n                <li style=\"display: none; width: 100%;\" class=\"slide-916 ms-image \" aria-roledescription=\"slide\" data-date=\"2018-06-05 17:28:04\" data-filename=\"mimosa-cabezales-min-900x650.jpg\" data-slide-type=\"image\"><img decoding=\"async\" src=\"https:\/\/www.asilah-darmanara.com\/wp-content\/uploads\/2018\/06\/mimosa-cabezales-min-900x650.jpg\" height=\"650\" width=\"900\" alt=\"\" class=\"slider-885 slide-916 msDefaultImage ml-lightbox-enabled\" title=\"mimosa cabezales-min\" \/><\/li>\n                <li style=\"display: none; width: 100%;\" class=\"slide-915 ms-image \" aria-roledescription=\"slide\" data-date=\"2018-06-05 17:28:00\" data-filename=\"Rinco\u0301n-habitacio\u0301n-Mimosa.jpg\" data-slide-type=\"image\"><img decoding=\"async\" src=\"https:\/\/www.asilah-darmanara.com\/wp-content\/uploads\/2018\/07\/Rinco\u0301n-habitacio\u0301n-Mimosa.jpg\" height=\"650\" width=\"900\" alt=\"\" class=\"slider-885 slide-915 msDefaultImage ml-lightbox-enabled\" title=\"Rinco\u0301n habitacio\u0301n Mimosa\" \/><\/li>\n                <li style=\"display: none; width: 100%;\" class=\"slide-917 ms-image \" aria-roledescription=\"slide\" data-date=\"2018-06-05 17:28:12\" data-filename=\"Lavabo-Mimosa-900x650.jpg\" data-slide-type=\"image\"><img loading=\"lazy\" decoding=\"async\" src=\"https:\/\/www.asilah-darmanara.com\/wp-content\/uploads\/2018\/07\/Lavabo-Mimosa-900x650.jpg\" height=\"650\" width=\"900\" alt=\"\" class=\"slider-885 slide-917 msDefaultImage ml-lightbox-enabled\" title=\"Lavabo Mimosa\" \/><\/li>\n                <li style=\"display: none; width: 100%;\" class=\"slide-4195 ms-image \" aria-roledescription=\"slide\" data-date=\"2023-03-27 14:33:52\" data-filename=\"Anadir-a-la-habitacion-Mimosa-scaled-900x650.jpg\" data-slide-type=\"image\"><img loading=\"lazy\" decoding=\"async\" src=\"https:\/\/www.asilah-darmanara.com\/wp-content\/uploads\/2023\/03\/Anadir-a-la-habitacion-Mimosa-scaled-900x650.jpg\" height=\"650\" width=\"900\" alt=\"\" class=\"slider-885 slide-4195 msDefaultImage ml-lightbox-enabled\" title=\"A\u00f1adir a la habitacion Mimosa\" \/><\/li>\n            <\/ul>\n        <\/div>\n        \n    <\/div>\n<\/div><br \/>\n[\/et_pb_text][\/et_pb_column][\/et_pb_row][et_pb_row custom_padding=&#8221;0|0px|27px|0px&#8221; _builder_version=&#8221;3.0.47&#8243; background_size=&#8221;initial&#8221; background_position=&#8221;top_left&#8221; background_repeat=&#8221;repeat&#8221;][et_pb_column type=&#8221;4_4&#8243; _builder_version=&#8221;3.0.47&#8243; parallax=&#8221;off&#8221; parallax_method=&#8221;on&#8221;][et_pb_text _builder_version=&#8221;3.1.1&#8243; text_font=&#8221;Open Sans||||||||&#8221; text_font_size=&#8221;18px&#8221;]Chambre double (deux lits).<br \/>\nGrande salle de bains priv\u00e9e avec douche.<br \/>\nCompl\u00e9ments, s\u00e8che-cheveux.<br \/>\nArmoire, banquette en fer forg\u00e9, table de bureau en bois, miroir, climatisation r\u00e9versible individuelle.<br \/>\nD\u00e9coration simple et chaleureuse, t\u00eate de lit tiss\u00e9e \u00e0 la main par des femmes Berb\u00e8res, attach\u00e9e avec du bois de selle de chameau.<br \/>\nMobilier dessin\u00e9 sur mesure et jalousie travaill\u00e9s par des artisans menuisiers. Ambiance intime et feutr\u00e9e.<br \/>\nFen\u00eatre sur cour d\u00e9cor\u00e9e avec des verres color\u00e9s typiques de la r\u00e9gion du nord du Maroc. Jeu de lumi\u00e8res chaleureux et joyeux.<br \/>\nWiFi.<br \/>\n[\/et_pb_text][\/et_pb_column][\/et_pb_row][\/et_pb_section]<\/p>\n","protected":false},"excerpt":{"rendered":"<p>[et_pb_section fb_built=&#8221;1&#8243; _builder_version=&#8221;3.1.1&#8243; custom_margin=&#8221;0px|0px|0px|0px&#8221; custom_padding=&#8221;0px|0px|0px|0px&#8221;][et_pb_row custom_padding=&#8221;0px|0px|0px|0px&#8221; custom_margin=&#8221;0px|0px|0px|0px&#8221; padding_top_1=&#8221;0px&#8221; padding_right_1=&#8221;0px&#8221; padding_bottom_1=&#8221;0px&#8221; padding_left_1=&#8221;0px&#8221; _builder_version=&#8221;3.1.1&#8243; module_alignment=&#8221;center&#8221; custom_css_main_element=&#8221;width: 100%!important;||max-width: 100%!important;&#8221;][et_pb_column type=&#8221;4_4&#8243; _builder_version=&#8221;3.0.47&#8243; padding_bottom=&#8221;0px&#8221; padding_left=&#8221;0px&#8221; padding_right=&#8221;0px&#8221; padding_top=&#8221;0px&#8221; parallax=&#8221;off&#8221; parallax_method=&#8221;on&#8221;][et_pb_slider show_arrows=&#8221;off&#8221; _builder_version=&#8221;3.1.1&#8243; auto=&#8221;on&#8221; auto_speed=&#8221;5000&#8243; custom_css_main_element=&#8221;width: 100%!important;|| max-width: 100%!important;&#8221;][et_pb_slide heading=&#8221;Chambre Mimosa&#8221; use_bg_overlay=&#8221;off&#8221; use_text_overlay=&#8221;on&#8221; text_overlay_color=&#8221;rgba(0,0,0,0)&#8221; text_border_radius=&#8221;10&#8243; _builder_version=&#8221;3.1.1&#8243; header_level=&#8221;h1&#8243; header_font=&#8221;Montez||||||||&#8221; header_font_size=&#8221;100&#8243; header_font_size_tablet=&#8221;40&#8243; header_font_size_phone=&#8221;40&#8243; header_font_size_last_edited=&#8221;on|phone&#8221; background_image=&#8221;https:\/\/www.asilah-darmanara.com\/wp-content\/uploads\/2018\/06\/tablera-min.jpg&#8221; button_on_hover=&#8221;on&#8221;][\/et_pb_slide][et_pb_slide heading=&#8221;Chambre&#8221; use_bg_overlay=&#8221;off&#8221; use_text_overlay=&#8221;on&#8221; text_overlay_color=&#8221;rgba(0,0,0,0)&#8221; text_border_radius=&#8221;10&#8243; _builder_version=&#8221;3.1.1&#8243; header_level=&#8221;h1&#8243; header_font=&#8221;Montez||||||||&#8221; [&hellip;]<\/p>\n","protected":false},"author":4,"featured_media":0,"parent":2383,"menu_order":1,"comment_status":"closed","ping_status":"closed","template":"","meta":{"footnotes":""},"class_list":["post-2415","page","type-page","status-publish","hentry"],"_links":{"self":[{"href":"https:\/\/www.asilah-darmanara.com\/fr\/wp-json\/wp\/v2\/pages\/2415","targetHints":{"allow":["GET"]}}],"collection":[{"href":"https:\/\/www.asilah-darmanara.com\/fr\/wp-json\/wp\/v2\/pages"}],"about":[{"href":"https:\/\/www.asilah-darmanara.com\/fr\/wp-json\/wp\/v2\/types\/page"}],"author":[{"embeddable":true,"href":"https:\/\/www.asilah-darmanara.com\/fr\/wp-json\/wp\/v2\/users\/4"}],"replies":[{"embeddable":true,"href":"https:\/\/www.asilah-darmanara.com\/fr\/wp-json\/wp\/v2\/comments?post=2415"}],"version-history":[{"count":2,"href":"https:\/\/www.asilah-darmanara.com\/fr\/wp-json\/wp\/v2\/pages\/2415\/revisions"}],"predecessor-version":[{"id":2912,"href":"https:\/\/www.asilah-darmanara.com\/fr\/wp-json\/wp\/v2\/pages\/2415\/revisions\/2912"}],"up":[{"embeddable":true,"href":"https:\/\/www.asilah-darmanara.com\/fr\/wp-json\/wp\/v2\/pages\/2383"}],"wp:attachment":[{"href":"https:\/\/www.asilah-darmanara.com\/fr\/wp-json\/wp\/v2\/media?parent=2415"}],"curies":[{"name":"wp","href":"https:\/\/api.w.org\/{rel}","templated":true}]}}