{"id":2423,"date":"2018-05-01T09:24:24","date_gmt":"2018-05-01T09:24:24","guid":{"rendered":"https:\/\/www.asilah-darmanara.com\/habitaciones\/habitacion-jazmin\/"},"modified":"2018-09-19T09:36:52","modified_gmt":"2018-09-19T09:36:52","slug":"habitacion-jazmin","status":"publish","type":"page","link":"https:\/\/www.asilah-darmanara.com\/fr\/habitaciones\/habitacion-jazmin\/","title":{"rendered":"Chambre Jasmin"},"content":{"rendered":"<p>[et_pb_section fb_built=&#8221;1&#8243; _builder_version=&#8221;3.1.1&#8243; custom_margin=&#8221;0px|0px|0px|0px&#8221; custom_padding=&#8221;0px|0px|0px|0px&#8221;][et_pb_row custom_padding=&#8221;0px|0px|0px|0px&#8221; custom_margin=&#8221;0px|0px|0px|0px&#8221; padding_top_1=&#8221;0px&#8221; padding_right_1=&#8221;0px&#8221; padding_bottom_1=&#8221;0px&#8221; padding_left_1=&#8221;0px&#8221; _builder_version=&#8221;3.1.1&#8243; module_alignment=&#8221;center&#8221; custom_css_main_element=&#8221;width: 100%!important;||max-width: 100%!important;&#8221;][et_pb_column type=&#8221;4_4&#8243; _builder_version=&#8221;3.0.47&#8243; padding_bottom=&#8221;0px&#8221; padding_left=&#8221;0px&#8221; padding_right=&#8221;0px&#8221; padding_top=&#8221;0px&#8221; parallax=&#8221;off&#8221; parallax_method=&#8221;on&#8221;][et_pb_slider show_arrows=&#8221;off&#8221; _builder_version=&#8221;3.1.1&#8243; auto=&#8221;on&#8221; auto_speed=&#8221;5000&#8243; custom_css_main_element=&#8221;width: 100%!important;|| max-width: 100%!important;&#8221;][et_pb_slide heading=&#8221;Chambre Jasmin&#8221; use_bg_overlay=&#8221;off&#8221; use_text_overlay=&#8221;on&#8221; text_overlay_color=&#8221;rgba(0,0,0,0)&#8221; text_border_radius=&#8221;10&#8243; _builder_version=&#8221;3.1.1&#8243; header_level=&#8221;h1&#8243; header_font=&#8221;Montez||||||||&#8221; header_font_size=&#8221;100&#8243; header_font_size_tablet=&#8221;40&#8243; header_font_size_phone=&#8221;40&#8243; header_font_size_last_edited=&#8221;on|phone&#8221; background_image=&#8221;https:\/\/www.asilah-darmanara.com\/wp-content\/uploads\/2018\/07\/habitacionjazmin-carrusel-1.jpg&#8221; button_on_hover=&#8221;on&#8221;][\/et_pb_slide][et_pb_slide heading=&#8221;Chambres&#8221; use_bg_overlay=&#8221;off&#8221; use_text_overlay=&#8221;on&#8221; text_overlay_color=&#8221;rgba(0,0,0,0)&#8221; text_border_radius=&#8221;10&#8243; _builder_version=&#8221;3.1.1&#8243; header_level=&#8221;h1&#8243; header_font=&#8221;Montez||||||||&#8221; header_font_size=&#8221;100&#8243; header_font_size_tablet=&#8221;40&#8243; header_font_size_phone=&#8221;40&#8243; header_font_size_last_edited=&#8221;on|phone&#8221; background_image=&#8221;https:\/\/www.asilah-darmanara.com\/wp-content\/uploads\/2018\/06\/Jazmin-2-min.jpg&#8221; button_on_hover=&#8221;on&#8221;][\/et_pb_slide][\/et_pb_slider][\/et_pb_column][\/et_pb_row][\/et_pb_section][et_pb_section fb_built=&#8221;1&#8243; _builder_version=&#8221;3.0.47&#8243;][et_pb_row _builder_version=&#8221;3.1.1&#8243;][et_pb_column type=&#8221;4_4&#8243; _builder_version=&#8221;3.0.47&#8243; parallax=&#8221;off&#8221; parallax_method=&#8221;on&#8221;][et_pb_divider _builder_version=&#8221;3.1.1&#8243;]&nbsp;<br \/>\n[\/et_pb_divider][et_pb_text disabled_on=&#8221;on|on|&#8221; _builder_version=&#8221;3.1.1&#8243; text_font=&#8221;Montez||||||||&#8221; text_text_color=&#8221;#8e4107&#8243; text_font_size=&#8221;80px&#8221; header_font=&#8221;Montez||||||||&#8221; header_text_color=&#8221;#8e4208&#8243;]<\/p>\n<p style=\"text-align: center;\">Chambre Jasmin<\/p>\n<p>[\/et_pb_text][et_pb_text disabled_on=&#8221;||on&#8221; _builder_version=&#8221;3.1.1&#8243; text_font=&#8221;Montez||||||||&#8221; text_text_color=&#8221;#8e4107&#8243; text_font_size=&#8221;50px&#8221; header_font=&#8221;Montez||||||||&#8221; header_text_color=&#8221;#8e4208&#8243;]<\/p>\n<p style=\"text-align: center;\">Chambre<\/p>\n<p style=\"text-align: center;\">Jasmin<\/p>\n<p>[\/et_pb_text][\/et_pb_column][\/et_pb_row][et_pb_row _builder_version=&#8221;3.0.47&#8243; background_size=&#8221;initial&#8221; background_position=&#8221;top_left&#8221; background_repeat=&#8221;repeat&#8221;][et_pb_column type=&#8221;1_2&#8243; _builder_version=&#8221;3.0.47&#8243; parallax=&#8221;off&#8221; parallax_method=&#8221;on&#8221;][et_pb_image src=&#8221;\/wp-content\/uploads\/2018\/06\/jazmin-min.png&#8221; _builder_version=&#8221;3.1.1&#8243; max_width=&#8221;54%&#8221;]&nbsp;<br \/>\n[\/et_pb_image][\/et_pb_column][et_pb_column type=&#8221;1_2&#8243; _builder_version=&#8221;3.0.47&#8243; parallax=&#8221;off&#8221; parallax_method=&#8221;on&#8221;][et_pb_text disabled_on=&#8221;on|on|&#8221; _builder_version=&#8221;3.1.1&#8243; text_font_size=&#8221;18px&#8221; custom_margin=&#8221;|||-200px&#8221;]<\/p>\n<p>La couleur bleue est l\u2019espace cosmique, l\u2019infini, les \u00e9toiles de l\u2019univers.<\/p>\n<p>Le parfum du <strong>jasmin<\/strong> repr\u00e9sente l\u2019\u00e9l\u00e9gance, la gr\u00e2ce, l\u2019amabilit\u00e9.<\/p>\n<p>[\/et_pb_text][et_pb_text disabled_on=&#8221;off|off|on&#8221; _builder_version=&#8221;3.1.1&#8243; text_font_size=&#8221;18px&#8221;]La couleur bleue est l\u2019espace cosmique, l\u2019infini, les \u00e9toiles de l\u2019univers.<\/p>\n<p>Le parfum du <strong>jasmin<\/strong> repr\u00e9sente l\u2019\u00e9l\u00e9gance, la gr\u00e2ce, l\u2019amabilit\u00e9.<br \/>\n[\/et_pb_text][\/et_pb_column][\/et_pb_row][et_pb_row custom_padding=&#8221;27px|0px|20px|0px&#8221; _builder_version=&#8221;3.0.47&#8243; background_size=&#8221;initial&#8221; background_position=&#8221;top_left&#8221; background_repeat=&#8221;repeat&#8221;][et_pb_column type=&#8221;4_4&#8243; _builder_version=&#8221;3.0.47&#8243; parallax=&#8221;off&#8221; parallax_method=&#8221;on&#8221;][et_pb_text _builder_version=&#8221;3.1.1&#8243;]<div id=\"metaslider-id-959\" style=\"width: 100%;\" class=\"ml-slider-3-108-0 metaslider metaslider-flex metaslider-959 ml-slider has-dots-nav ml-slider-lightbox-2-22-0 simple-lightbox-2-9-5 ms-theme-default\" role=\"region\" aria-label=\"jazmin\" data-height=\"650\" data-width=\"900\">\n    <div id=\"metaslider_container_959\">\n        <div id=\"metaslider_959\">\n            <ul class='slides'>\n                <li style=\"display: block; width: 100%;\" class=\"slide-1519 ms-image \" aria-roledescription=\"slide\" data-date=\"2018-07-05 14:40:42\" data-filename=\"Jazmin-1-min-900x650.jpg\" data-slide-type=\"image\"><img fetchpriority=\"high\" decoding=\"async\" src=\"https:\/\/www.asilah-darmanara.com\/wp-content\/uploads\/2018\/07\/Jazmin-1-min-900x650.jpg\" height=\"650\" width=\"900\" alt=\"\" class=\"slider-959 slide-1519 msDefaultImage ml-lightbox-enabled\" title=\"Jazmin 1-min\" \/><\/li>\n                <li style=\"display: none; width: 100%;\" class=\"slide-1520 ms-image \" aria-roledescription=\"slide\" data-date=\"2018-07-05 14:40:42\" data-filename=\"Jazmin-2-min-900x650.jpg\" data-slide-type=\"image\"><img decoding=\"async\" src=\"https:\/\/www.asilah-darmanara.com\/wp-content\/uploads\/2018\/07\/Jazmin-2-min-900x650.jpg\" height=\"650\" width=\"900\" alt=\"\" class=\"slider-959 slide-1520 msDefaultImage ml-lightbox-enabled\" title=\"Jazmin 2-min\" \/><\/li>\n                <li style=\"display: none; width: 100%;\" class=\"slide-1521 ms-image \" aria-roledescription=\"slide\" data-date=\"2018-07-05 14:40:42\" data-filename=\"JAZMIN-NUEVAS-min-900x650.jpg\" data-slide-type=\"image\"><img decoding=\"async\" src=\"https:\/\/www.asilah-darmanara.com\/wp-content\/uploads\/2018\/07\/JAZMIN-NUEVAS-min-900x650.jpg\" height=\"650\" width=\"900\" alt=\"\" class=\"slider-959 slide-1521 msDefaultImage ml-lightbox-enabled\" title=\"JAZMIN NUEVAS-min\" \/><\/li>\n                <li style=\"display: none; width: 100%;\" class=\"slide-963 ms-image \" aria-roledescription=\"slide\" data-date=\"2018-06-05 17:56:05\" data-filename=\"habitacionjazmin-foto-4-900x650.jpg\" data-slide-type=\"image\"><img loading=\"lazy\" decoding=\"async\" src=\"https:\/\/www.asilah-darmanara.com\/wp-content\/uploads\/2018\/07\/habitacionjazmin-foto-4-900x650.jpg\" height=\"650\" width=\"900\" alt=\"\" class=\"slider-959 slide-963 msDefaultImage ml-lightbox-enabled\" title=\"habitacionjazmin-foto-4\" \/><\/li>\n                <li style=\"display: none; width: 100%;\" class=\"slide-4199 ms-image \" aria-roledescription=\"slide\" data-date=\"2023-03-27 14:34:26\" data-filename=\"Anadir-a-la-habit.-Jazmin-scaled-900x650.jpg\" data-slide-type=\"image\"><img loading=\"lazy\" decoding=\"async\" src=\"https:\/\/www.asilah-darmanara.com\/wp-content\/uploads\/2023\/03\/Anadir-a-la-habit.-Jazmin-scaled-900x650.jpg\" height=\"650\" width=\"900\" alt=\"\" class=\"slider-959 slide-4199 msDefaultImage ml-lightbox-enabled\" title=\"A\u00f1adir a la habit. Jazmin\" \/><\/li>\n            <\/ul>\n        <\/div>\n        \n    <\/div>\n<\/div><br \/>\n[\/et_pb_text][\/et_pb_column][\/et_pb_row][et_pb_row custom_padding=&#8221;0|0px|0|0px&#8221; _builder_version=&#8221;3.0.47&#8243; background_size=&#8221;initial&#8221; background_position=&#8221;top_left&#8221; background_repeat=&#8221;repeat&#8221;][et_pb_column type=&#8221;4_4&#8243; _builder_version=&#8221;3.0.47&#8243; parallax=&#8221;off&#8221; parallax_method=&#8221;on&#8221;][et_pb_text _builder_version=&#8221;3.1.1&#8243; text_font_size=&#8221;18px&#8221;]Chambre double.<br \/>\nSalle de bains priv\u00e9e avec douche.<br \/>\nLe bain est d\u00e9cor\u00e9 avec des carreaux typiques de la r\u00e9gion, fabriqu\u00e9s \u00e0 la main par des artisans locaux.<br \/>\nCompl\u00e9ments, s\u00e8che-cheveux.<br \/>\nArmoire, banquette, climatisation par pompe \u00e0 air individuel.<br \/>\nD\u00e9cor simple et \u00e9l\u00e9gant, mobilier peint \u00e0 la main par des artisans locaux. Les motifs sont des formes arabesques authentiques.<br \/>\nFen\u00eatre ext\u00e9rieure.<br \/>\nWiFi.<br \/>\n[\/et_pb_text][\/et_pb_column][\/et_pb_row][\/et_pb_section]<\/p>\n","protected":false},"excerpt":{"rendered":"<p>[et_pb_section fb_built=&#8221;1&#8243; _builder_version=&#8221;3.1.1&#8243; custom_margin=&#8221;0px|0px|0px|0px&#8221; custom_padding=&#8221;0px|0px|0px|0px&#8221;][et_pb_row custom_padding=&#8221;0px|0px|0px|0px&#8221; custom_margin=&#8221;0px|0px|0px|0px&#8221; padding_top_1=&#8221;0px&#8221; padding_right_1=&#8221;0px&#8221; padding_bottom_1=&#8221;0px&#8221; padding_left_1=&#8221;0px&#8221; _builder_version=&#8221;3.1.1&#8243; module_alignment=&#8221;center&#8221; custom_css_main_element=&#8221;width: 100%!important;||max-width: 100%!important;&#8221;][et_pb_column type=&#8221;4_4&#8243; _builder_version=&#8221;3.0.47&#8243; padding_bottom=&#8221;0px&#8221; padding_left=&#8221;0px&#8221; padding_right=&#8221;0px&#8221; padding_top=&#8221;0px&#8221; parallax=&#8221;off&#8221; parallax_method=&#8221;on&#8221;][et_pb_slider show_arrows=&#8221;off&#8221; _builder_version=&#8221;3.1.1&#8243; auto=&#8221;on&#8221; auto_speed=&#8221;5000&#8243; custom_css_main_element=&#8221;width: 100%!important;|| max-width: 100%!important;&#8221;][et_pb_slide heading=&#8221;Chambre Jasmin&#8221; use_bg_overlay=&#8221;off&#8221; use_text_overlay=&#8221;on&#8221; text_overlay_color=&#8221;rgba(0,0,0,0)&#8221; text_border_radius=&#8221;10&#8243; _builder_version=&#8221;3.1.1&#8243; header_level=&#8221;h1&#8243; header_font=&#8221;Montez||||||||&#8221; header_font_size=&#8221;100&#8243; header_font_size_tablet=&#8221;40&#8243; header_font_size_phone=&#8221;40&#8243; header_font_size_last_edited=&#8221;on|phone&#8221; background_image=&#8221;https:\/\/www.asilah-darmanara.com\/wp-content\/uploads\/2018\/07\/habitacionjazmin-carrusel-1.jpg&#8221; button_on_hover=&#8221;on&#8221;][\/et_pb_slide][et_pb_slide heading=&#8221;Chambres&#8221; use_bg_overlay=&#8221;off&#8221; use_text_overlay=&#8221;on&#8221; text_overlay_color=&#8221;rgba(0,0,0,0)&#8221; text_border_radius=&#8221;10&#8243; _builder_version=&#8221;3.1.1&#8243; header_level=&#8221;h1&#8243; header_font=&#8221;Montez||||||||&#8221; [&hellip;]<\/p>\n","protected":false},"author":4,"featured_media":0,"parent":2383,"menu_order":2,"comment_status":"closed","ping_status":"closed","template":"","meta":{"footnotes":""},"class_list":["post-2423","page","type-page","status-publish","hentry"],"_links":{"self":[{"href":"https:\/\/www.asilah-darmanara.com\/fr\/wp-json\/wp\/v2\/pages\/2423","targetHints":{"allow":["GET"]}}],"collection":[{"href":"https:\/\/www.asilah-darmanara.com\/fr\/wp-json\/wp\/v2\/pages"}],"about":[{"href":"https:\/\/www.asilah-darmanara.com\/fr\/wp-json\/wp\/v2\/types\/page"}],"author":[{"embeddable":true,"href":"https:\/\/www.asilah-darmanara.com\/fr\/wp-json\/wp\/v2\/users\/4"}],"replies":[{"embeddable":true,"href":"https:\/\/www.asilah-darmanara.com\/fr\/wp-json\/wp\/v2\/comments?post=2423"}],"version-history":[{"count":4,"href":"https:\/\/www.asilah-darmanara.com\/fr\/wp-json\/wp\/v2\/pages\/2423\/revisions"}],"predecessor-version":[{"id":2919,"href":"https:\/\/www.asilah-darmanara.com\/fr\/wp-json\/wp\/v2\/pages\/2423\/revisions\/2919"}],"up":[{"embeddable":true,"href":"https:\/\/www.asilah-darmanara.com\/fr\/wp-json\/wp\/v2\/pages\/2383"}],"wp:attachment":[{"href":"https:\/\/www.asilah-darmanara.com\/fr\/wp-json\/wp\/v2\/media?parent=2423"}],"curies":[{"name":"wp","href":"https:\/\/api.w.org\/{rel}","templated":true}]}}