{"id":2428,"date":"2018-05-01T09:24:45","date_gmt":"2018-05-01T09:24:45","guid":{"rendered":"https:\/\/www.asilah-darmanara.com\/habitaciones\/habitacion-lila\/"},"modified":"2018-09-19T09:37:52","modified_gmt":"2018-09-19T09:37:52","slug":"habitacion-lila","status":"publish","type":"page","link":"https:\/\/www.asilah-darmanara.com\/fr\/habitaciones\/habitacion-lila\/","title":{"rendered":"Chambre de Lilas"},"content":{"rendered":"<p>[et_pb_section fb_built=&#8221;1&#8243; _builder_version=&#8221;3.1.1&#8243; custom_margin=&#8221;0px|0px|0px|0px&#8221; custom_padding=&#8221;0px|0px|0px|0px&#8221;][et_pb_row custom_padding=&#8221;0px|0px|0px|0px&#8221; custom_margin=&#8221;0px|0px|0px|0px&#8221; padding_top_1=&#8221;0px&#8221; padding_right_1=&#8221;0px&#8221; padding_bottom_1=&#8221;0px&#8221; padding_left_1=&#8221;0px&#8221; _builder_version=&#8221;3.1.1&#8243; module_alignment=&#8221;center&#8221; custom_css_main_element=&#8221;width: 100%!important;||max-width: 100%!important;&#8221;][et_pb_column type=&#8221;4_4&#8243; _builder_version=&#8221;3.0.47&#8243; padding_bottom=&#8221;0px&#8221; padding_left=&#8221;0px&#8221; padding_right=&#8221;0px&#8221; padding_top=&#8221;0px&#8221; parallax=&#8221;off&#8221; parallax_method=&#8221;on&#8221;][et_pb_slider show_arrows=&#8221;off&#8221; _builder_version=&#8221;3.1.1&#8243; custom_css_main_element=&#8221;width: 100%!important;|| max-width: 100%!important;&#8221;][et_pb_slide heading=&#8221;Chambre de Lilas&#8221; use_bg_overlay=&#8221;off&#8221; use_text_overlay=&#8221;on&#8221; text_overlay_color=&#8221;rgba(0,0,0,0)&#8221; text_border_radius=&#8221;10&#8243; _builder_version=&#8221;3.1.1&#8243; header_level=&#8221;h1&#8243; header_font=&#8221;Montez||||||||&#8221; header_font_size=&#8221;100&#8243; header_font_size_tablet=&#8221;40&#8243; header_font_size_phone=&#8221;40&#8243; header_font_size_last_edited=&#8221;on|phone&#8221; background_image=&#8221;https:\/\/www.asilah-darmanara.com\/wp-content\/uploads\/2018\/07\/habitacionlila-carrusel-1-2.jpg&#8221; background_position=&#8221;top_center&#8221; button_on_hover=&#8221;on&#8221;][\/et_pb_slide][et_pb_slide heading=&#8221;Chambre de Lilas&#8221; use_bg_overlay=&#8221;off&#8221; use_text_overlay=&#8221;on&#8221; text_overlay_color=&#8221;rgba(0,0,0,0)&#8221; text_border_radius=&#8221;10&#8243; _builder_version=&#8221;3.1.1&#8243; header_level=&#8221;h1&#8243; header_font=&#8221;Montez||||||||&#8221; header_font_size=&#8221;100&#8243; header_font_size_tablet=&#8221;40&#8243; header_font_size_phone=&#8221;40&#8243; header_font_size_last_edited=&#8221;on|phone&#8221; background_image=&#8221;https:\/\/www.asilah-darmanara.com\/wp-content\/uploads\/2018\/07\/habitacionlila-carrusel-2-2.jpg&#8221; background_position=&#8221;bottom_left&#8221; button_on_hover=&#8221;on&#8221;][\/et_pb_slide][\/et_pb_slider][\/et_pb_column][\/et_pb_row][\/et_pb_section][et_pb_section fb_built=&#8221;1&#8243; _builder_version=&#8221;3.0.47&#8243;][et_pb_row _builder_version=&#8221;3.1.1&#8243;][et_pb_column type=&#8221;4_4&#8243; _builder_version=&#8221;3.0.47&#8243; parallax=&#8221;off&#8221; parallax_method=&#8221;on&#8221;][et_pb_divider _builder_version=&#8221;3.1.1&#8243;]&nbsp;<br \/>\n[\/et_pb_divider][et_pb_text disabled_on=&#8221;on|on|&#8221; _builder_version=&#8221;3.1.1&#8243; text_font=&#8221;Montez||||||||&#8221; text_text_color=&#8221;#8e4107&#8243; text_font_size=&#8221;80px&#8221; header_font=&#8221;Montez||||||||&#8221; header_text_color=&#8221;#8e4208&#8243;]<\/p>\n<p style=\"text-align: center;\">Chambre de Lilas<\/p>\n<p>[\/et_pb_text][et_pb_text disabled_on=&#8221;||on&#8221; _builder_version=&#8221;3.1.1&#8243; text_font=&#8221;Montez||||||||&#8221; text_text_color=&#8221;#8e4107&#8243; text_font_size=&#8221;50px&#8221; header_font=&#8221;Montez||||||||&#8221; header_text_color=&#8221;#8e4208&#8243;]<\/p>\n<p style=\"text-align: center;\">Chambre de Lilas<\/p>\n<p>[\/et_pb_text][\/et_pb_column][\/et_pb_row][et_pb_row _builder_version=&#8221;3.0.47&#8243; background_size=&#8221;initial&#8221; background_position=&#8221;top_left&#8221; background_repeat=&#8221;repeat&#8221;][et_pb_column type=&#8221;1_2&#8243; _builder_version=&#8221;3.0.47&#8243; parallax=&#8221;off&#8221; parallax_method=&#8221;on&#8221;][et_pb_image src=&#8221;\/wp-content\/uploads\/2018\/06\/lila.png&#8221; _builder_version=&#8221;3.1.1&#8243; max_width=&#8221;52%&#8221;]&nbsp;<br \/>\n[\/et_pb_image][\/et_pb_column][et_pb_column type=&#8221;1_2&#8243; _builder_version=&#8221;3.0.47&#8243; parallax=&#8221;off&#8221; parallax_method=&#8221;on&#8221;][et_pb_text disabled_on=&#8221;on|on|&#8221; _builder_version=&#8221;3.1.1&#8243; text_font_size=&#8221;18px&#8221; custom_margin=&#8221;|||-200px&#8221;]La couleur <strong>lilas<\/strong>, repr\u00e9sente le pouvoir communautaire et harmonieux, la culture du peuple et le pays.<\/p>\n<p>Le parfum de ces petites fleurs signifie amiti\u00e9.<br \/>\n[\/et_pb_text][et_pb_text disabled_on=&#8221;||on&#8221; _builder_version=&#8221;3.1.1&#8243; text_font_size=&#8221;18px&#8221;]La couleur <strong>lilas<\/strong>, repr\u00e9sente le pouvoir communautaire et harmonieux, la culture du peuple et le pays.<\/p>\n<p>Le parfum de ces petites fleurs signifie amiti\u00e9.<br \/>\n[\/et_pb_text][\/et_pb_column][\/et_pb_row][et_pb_row custom_padding=&#8221;27px|0px|20px|0px&#8221; _builder_version=&#8221;3.0.47&#8243; background_size=&#8221;initial&#8221; background_position=&#8221;top_left&#8221; background_repeat=&#8221;repeat&#8221;][et_pb_column type=&#8221;4_4&#8243; _builder_version=&#8221;3.0.47&#8243; parallax=&#8221;off&#8221; parallax_method=&#8221;on&#8221;][et_pb_text _builder_version=&#8221;3.1.1&#8243;]<div id=\"metaslider-id-953\" style=\"width: 100%;\" class=\"ml-slider-3-108-0 metaslider metaslider-flex metaslider-953 ml-slider has-dots-nav ml-slider-lightbox-2-22-0 simple-lightbox-2-9-5 ms-theme-default\" role=\"region\" aria-label=\"Lila\" data-height=\"570\" data-width=\"799\">\n    <div id=\"metaslider_container_953\">\n        <div id=\"metaslider_953\">\n            <ul class='slides'>\n                <li style=\"display: block; width: 100%;\" class=\"slide-1525 ms-image \" aria-roledescription=\"slide\" data-date=\"2018-07-05 14:44:58\" data-filename=\"habitacionlila-foto-1-799x570.jpg\" data-slide-type=\"image\"><img fetchpriority=\"high\" decoding=\"async\" src=\"https:\/\/www.asilah-darmanara.com\/wp-content\/uploads\/2018\/07\/habitacionlila-foto-1-799x570.jpg\" height=\"570\" width=\"799\" alt=\"\" class=\"slider-953 slide-1525 msDefaultImage ml-lightbox-enabled\" title=\"habitacionlila-foto-1\" \/><\/li>\n                <li style=\"display: none; width: 100%;\" class=\"slide-1528 ms-image \" aria-roledescription=\"slide\" data-date=\"2018-07-05 14:45:23\" data-filename=\"habitacionlila-foto-2-1-799x570.jpg\" data-slide-type=\"image\"><img decoding=\"async\" src=\"https:\/\/www.asilah-darmanara.com\/wp-content\/uploads\/2018\/07\/habitacionlila-foto-2-1-799x570.jpg\" height=\"570\" width=\"799\" alt=\"\" class=\"slider-953 slide-1528 msDefaultImage ml-lightbox-enabled\" title=\"habitacionlila-foto-2\" \/><\/li>\n                <li style=\"display: none; width: 100%;\" class=\"slide-1526 ms-image \" aria-roledescription=\"slide\" data-date=\"2018-07-05 14:44:58\" data-filename=\"Habitacion-Lila-3-min-799x570.jpg\" data-slide-type=\"image\"><img decoding=\"async\" src=\"https:\/\/www.asilah-darmanara.com\/wp-content\/uploads\/2018\/07\/Habitacion-Lila-3-min-799x570.jpg\" height=\"570\" width=\"799\" alt=\"\" class=\"slider-953 slide-1526 msDefaultImage ml-lightbox-enabled\" title=\"Habitacion Lila 3-min\" \/><\/li>\n                <li style=\"display: none; width: 100%;\" class=\"slide-956 ms-image \" aria-roledescription=\"slide\" data-date=\"2018-06-05 17:53:05\" data-filename=\"habitacionlila-foto-4-1-799x570.jpg\" data-slide-type=\"image\"><img loading=\"lazy\" decoding=\"async\" src=\"https:\/\/www.asilah-darmanara.com\/wp-content\/uploads\/2018\/07\/habitacionlila-foto-4-1-799x570.jpg\" height=\"570\" width=\"799\" alt=\"\" class=\"slider-953 slide-956 msDefaultImage ml-lightbox-enabled\" title=\"habitacionlila-foto-4\" \/><\/li>\n                <li style=\"display: none; width: 100%;\" class=\"slide-4191 ms-image \" aria-roledescription=\"slide\" data-date=\"2023-03-27 14:33:01\" data-filename=\"Anadir-a-la-Habitacion-Lila-scaled-799x570.jpg\" data-slide-type=\"image\"><img loading=\"lazy\" decoding=\"async\" src=\"https:\/\/www.asilah-darmanara.com\/wp-content\/uploads\/2023\/03\/Anadir-a-la-Habitacion-Lila-scaled-799x570.jpg\" height=\"570\" width=\"799\" alt=\"\" class=\"slider-953 slide-4191 msDefaultImage ml-lightbox-enabled\" title=\"A\u00f1adir a la Habitacion Lila\" \/><\/li>\n            <\/ul>\n        <\/div>\n        \n    <\/div>\n<\/div><br \/>\n[\/et_pb_text][\/et_pb_column][\/et_pb_row][et_pb_row custom_padding=&#8221;0|0px|27px|0px&#8221; _builder_version=&#8221;3.0.47&#8243; background_size=&#8221;initial&#8221; background_position=&#8221;top_left&#8221; background_repeat=&#8221;repeat&#8221;][et_pb_column type=&#8221;4_4&#8243; _builder_version=&#8221;3.0.47&#8243; parallax=&#8221;off&#8221; parallax_method=&#8221;on&#8221;][et_pb_text _builder_version=&#8221;3.1.1&#8243; text_font_size=&#8221;18px&#8221;]Chambre double.<br \/>\nSalle de bains priv\u00e9e avec douche.<br \/>\nCompl\u00e9ments, s\u00e8che-cheveux.<br \/>\nArmoire, banquette, climatisation r\u00e9versible individuelle.<br \/>\nD\u00e9cor simple, confortable et agr\u00e9able, une petite marquise avec une lanterne typique de la r\u00e9gion, ainsi que la forme de la t\u00eate de lit sur le mur, font de cette chambre un endroit romantique et tr\u00e8s sp\u00e9cial.<br \/>\nLa table de chevet et la banquette auxiliaire ont \u00e9t\u00e9 peintes \u00e0 la main, avec des motifs floraux typiques du Maroc et en couleur lilas.<br \/>\nUne partie de la chambre est d\u00e9cor\u00e9e avec une jalousie, permettant l\u2019entr\u00e9e de la lumi\u00e8re naturelle.<br \/>\nLa fen\u00eatre donnant sur la cour est d\u00e9cor\u00e9e avec quelques verres color\u00e9s, typiques de la r\u00e9gion au nord du Maroc, ce qui permet un jeu de lumi\u00e8res chaud et joyeux.<br \/>\nFen\u00eatre ext\u00e9rieure qui donne sur une rue calme, au c\u0153ur de la m\u00e9dina.<br \/>\nWiFi.<br \/>\n[\/et_pb_text][\/et_pb_column][\/et_pb_row][\/et_pb_section]<\/p>\n","protected":false},"excerpt":{"rendered":"<p>[et_pb_section fb_built=&#8221;1&#8243; _builder_version=&#8221;3.1.1&#8243; custom_margin=&#8221;0px|0px|0px|0px&#8221; custom_padding=&#8221;0px|0px|0px|0px&#8221;][et_pb_row custom_padding=&#8221;0px|0px|0px|0px&#8221; custom_margin=&#8221;0px|0px|0px|0px&#8221; padding_top_1=&#8221;0px&#8221; padding_right_1=&#8221;0px&#8221; padding_bottom_1=&#8221;0px&#8221; padding_left_1=&#8221;0px&#8221; _builder_version=&#8221;3.1.1&#8243; module_alignment=&#8221;center&#8221; custom_css_main_element=&#8221;width: 100%!important;||max-width: 100%!important;&#8221;][et_pb_column type=&#8221;4_4&#8243; _builder_version=&#8221;3.0.47&#8243; padding_bottom=&#8221;0px&#8221; padding_left=&#8221;0px&#8221; padding_right=&#8221;0px&#8221; padding_top=&#8221;0px&#8221; parallax=&#8221;off&#8221; parallax_method=&#8221;on&#8221;][et_pb_slider show_arrows=&#8221;off&#8221; _builder_version=&#8221;3.1.1&#8243; custom_css_main_element=&#8221;width: 100%!important;|| max-width: 100%!important;&#8221;][et_pb_slide heading=&#8221;Chambre de Lilas&#8221; use_bg_overlay=&#8221;off&#8221; use_text_overlay=&#8221;on&#8221; text_overlay_color=&#8221;rgba(0,0,0,0)&#8221; text_border_radius=&#8221;10&#8243; _builder_version=&#8221;3.1.1&#8243; header_level=&#8221;h1&#8243; header_font=&#8221;Montez||||||||&#8221; header_font_size=&#8221;100&#8243; header_font_size_tablet=&#8221;40&#8243; header_font_size_phone=&#8221;40&#8243; header_font_size_last_edited=&#8221;on|phone&#8221; background_image=&#8221;https:\/\/www.asilah-darmanara.com\/wp-content\/uploads\/2018\/07\/habitacionlila-carrusel-1-2.jpg&#8221; background_position=&#8221;top_center&#8221; button_on_hover=&#8221;on&#8221;][\/et_pb_slide][et_pb_slide heading=&#8221;Chambre de Lilas&#8221; use_bg_overlay=&#8221;off&#8221; use_text_overlay=&#8221;on&#8221; text_overlay_color=&#8221;rgba(0,0,0,0)&#8221; text_border_radius=&#8221;10&#8243; _builder_version=&#8221;3.1.1&#8243; [&hellip;]<\/p>\n","protected":false},"author":4,"featured_media":0,"parent":2383,"menu_order":3,"comment_status":"closed","ping_status":"closed","template":"","meta":{"footnotes":""},"class_list":["post-2428","page","type-page","status-publish","hentry"],"_links":{"self":[{"href":"https:\/\/www.asilah-darmanara.com\/fr\/wp-json\/wp\/v2\/pages\/2428","targetHints":{"allow":["GET"]}}],"collection":[{"href":"https:\/\/www.asilah-darmanara.com\/fr\/wp-json\/wp\/v2\/pages"}],"about":[{"href":"https:\/\/www.asilah-darmanara.com\/fr\/wp-json\/wp\/v2\/types\/page"}],"author":[{"embeddable":true,"href":"https:\/\/www.asilah-darmanara.com\/fr\/wp-json\/wp\/v2\/users\/4"}],"replies":[{"embeddable":true,"href":"https:\/\/www.asilah-darmanara.com\/fr\/wp-json\/wp\/v2\/comments?post=2428"}],"version-history":[{"count":2,"href":"https:\/\/www.asilah-darmanara.com\/fr\/wp-json\/wp\/v2\/pages\/2428\/revisions"}],"predecessor-version":[{"id":2920,"href":"https:\/\/www.asilah-darmanara.com\/fr\/wp-json\/wp\/v2\/pages\/2428\/revisions\/2920"}],"up":[{"embeddable":true,"href":"https:\/\/www.asilah-darmanara.com\/fr\/wp-json\/wp\/v2\/pages\/2383"}],"wp:attachment":[{"href":"https:\/\/www.asilah-darmanara.com\/fr\/wp-json\/wp\/v2\/media?parent=2428"}],"curies":[{"name":"wp","href":"https:\/\/api.w.org\/{rel}","templated":true}]}}