{"id":2460,"date":"2018-05-01T09:19:58","date_gmt":"2018-05-01T09:19:58","guid":{"rendered":"https:\/\/www.asilah-darmanara.com\/marruecos\/"},"modified":"2018-09-19T09:47:22","modified_gmt":"2018-09-19T09:47:22","slug":"marruecos","status":"publish","type":"page","link":"https:\/\/www.asilah-darmanara.com\/fr\/marruecos\/","title":{"rendered":"MAROC"},"content":{"rendered":"<p>[et_pb_section fb_built=&#8221;1&#8243; _builder_version=&#8221;3.1.1&#8243; custom_margin=&#8221;0px|0px|0px|0px&#8221; custom_padding=&#8221;0px|0px|0px|0px&#8221;][et_pb_row custom_padding=&#8221;0px|0px|0px|0px&#8221; custom_margin=&#8221;0px|0px|0px|0px&#8221; padding_top_1=&#8221;0px&#8221; padding_right_1=&#8221;0px&#8221; padding_bottom_1=&#8221;0px&#8221; padding_left_1=&#8221;0px&#8221; _builder_version=&#8221;3.1.1&#8243; module_alignment=&#8221;center&#8221; custom_css_main_element=&#8221;width: 100%!important;||max-width: 100%!important;&#8221;][et_pb_column type=&#8221;4_4&#8243; _builder_version=&#8221;3.0.47&#8243; padding_bottom=&#8221;0px&#8221; padding_left=&#8221;0px&#8221; padding_right=&#8221;0px&#8221; padding_top=&#8221;0px&#8221; parallax=&#8221;off&#8221; parallax_method=&#8221;on&#8221;][et_pb_slider show_arrows=&#8221;off&#8221; _builder_version=&#8221;3.1.1&#8243; header_font_size_phone=&#8221;39&#8243; header_font_size_last_edited=&#8221;on|phone&#8221; auto=&#8221;on&#8221; auto_speed=&#8221;5000&#8243; custom_css_main_element=&#8221;width: 100%!important;|| max-width: 100%!important;&#8221;][et_pb_slide heading=&#8221;MAROC&#8221; use_bg_overlay=&#8221;off&#8221; use_text_overlay=&#8221;on&#8221; text_overlay_color=&#8221;rgba(0,0,0,0)&#8221; text_border_radius=&#8221;10&#8243; _builder_version=&#8221;3.1.1&#8243; header_level=&#8221;h1&#8243; header_font=&#8221;Montez||||||||&#8221; header_font_size=&#8221;100&#8243; header_font_size_tablet=&#8221;40&#8243; header_font_size_phone=&#8221;35&#8243; header_font_size_last_edited=&#8221;on|phone&#8221; background_image=&#8221;https:\/\/www.asilah-darmanara.com\/wp-content\/uploads\/2018\/07\/marruecos-carrusel-1.jpg&#8221; background_position=&#8221;bottom_center&#8221; button_on_hover=&#8221;on&#8221;][\/et_pb_slide][et_pb_slide heading=&#8221;MAROC&#8221; use_bg_overlay=&#8221;off&#8221; use_text_overlay=&#8221;on&#8221; text_overlay_color=&#8221;rgba(0,0,0,0)&#8221; text_border_radius=&#8221;10&#8243; _builder_version=&#8221;3.1.1&#8243; header_level=&#8221;h1&#8243; header_font=&#8221;Montez||||||||&#8221; header_font_size=&#8221;100&#8243; header_font_size_tablet=&#8221;40&#8243; header_font_size_phone=&#8221;40&#8243; header_font_size_last_edited=&#8221;on|phone&#8221; background_image=&#8221;https:\/\/www.asilah-darmanara.com\/wp-content\/uploads\/2018\/05\/Header-marruecos1-1024&#215;371.png&#8221; button_on_hover=&#8221;on&#8221;][\/et_pb_slide][et_pb_slide heading=&#8221;MAROC&#8221; use_bg_overlay=&#8221;off&#8221; use_text_overlay=&#8221;on&#8221; text_overlay_color=&#8221;rgba(0,0,0,0)&#8221; text_border_radius=&#8221;10&#8243; _builder_version=&#8221;3.1.1&#8243; header_level=&#8221;h1&#8243; header_font=&#8221;Montez||||||||&#8221; header_font_size=&#8221;100&#8243; header_font_size_tablet=&#8221;40&#8243; header_font_size_phone=&#8221;40&#8243; header_font_size_last_edited=&#8221;on|phone&#8221; background_image=&#8221;https:\/\/www.asilah-darmanara.com\/wp-content\/uploads\/2018\/07\/marruecos-carrusel-3-mod.png&#8221; background_position=&#8221;center_right&#8221; button_on_hover=&#8221;on&#8221;][\/et_pb_slide][et_pb_slide heading=&#8221;MAROC&#8221; use_bg_overlay=&#8221;off&#8221; use_text_overlay=&#8221;on&#8221; text_overlay_color=&#8221;rgba(0,0,0,0)&#8221; text_border_radius=&#8221;10&#8243; _builder_version=&#8221;3.1.1&#8243; header_level=&#8221;h1&#8243; header_font=&#8221;Montez||||||||&#8221; header_font_size=&#8221;100&#8243; header_font_size_tablet=&#8221;40&#8243; header_font_size_phone=&#8221;40&#8243; header_font_size_last_edited=&#8221;on|phone&#8221; background_image=&#8221;https:\/\/www.asilah-darmanara.com\/wp-content\/uploads\/2018\/07\/marruecos-carrusel-4.jpg&#8221; button_on_hover=&#8221;on&#8221;][\/et_pb_slide][\/et_pb_slider][\/et_pb_column][\/et_pb_row][\/et_pb_section][et_pb_section fb_built=&#8221;1&#8243; custom_padding_last_edited=&#8221;on|phone&#8221; _builder_version=&#8221;3.1.1&#8243; custom_padding=&#8221;0|0px|0|330px&#8221; custom_padding_phone=&#8221;0px|0px|54px|330px&#8221;][et_pb_row _builder_version=&#8221;3.1.1&#8243;][et_pb_column type=&#8221;4_4&#8243; _builder_version=&#8221;3.0.47&#8243; parallax=&#8221;off&#8221; parallax_method=&#8221;on&#8221;][et_pb_divider _builder_version=&#8221;3.1.1&#8243;][\/et_pb_divider][et_pb_text _builder_version=&#8221;3.1.1&#8243; text_font=&#8221;Montez||||||||&#8221; text_font_size=&#8221;18px&#8221; header_font=&#8221;Montez||||||||&#8221; header_text_color=&#8221;#8e4208&#8243; header_2_font=&#8221;Montez||||||||&#8221; header_2_text_color=&#8221;#8e4208&#8243; header_2_font_size=&#8221;60px&#8221; header_3_font_size=&#8221;30px&#8221;]<\/p>\n<h2 style=\"text-align: center;\"><strong>Informations utiles<\/strong><\/h2>\n<p>[\/et_pb_text][\/et_pb_column][\/et_pb_row][et_pb_row custom_padding=&#8221;28px|0px|7px|0px&#8221; _builder_version=&#8221;3.1.1&#8243; background_size=&#8221;initial&#8221; background_position=&#8221;top_left&#8221; background_repeat=&#8221;repeat&#8221;][et_pb_column type=&#8221;4_4&#8243; _builder_version=&#8221;3.0.47&#8243; parallax=&#8221;off&#8221; parallax_method=&#8221;on&#8221;][et_pb_text _builder_version=&#8221;3.1.1&#8243; header_font=&#8221;Montez||||||||&#8221; header_2_font=&#8221;Montez||||||||&#8221; header_2_font_size=&#8221;60px&#8221; header_3_font=&#8221;Montez||||||||&#8221; header_3_text_color=&#8221;#8e3d00&#8243; header_3_font_size=&#8221;41px&#8221;]<\/p>\n<h3><strong>Contr\u00f4le de douane et passeports<\/strong><\/h3>\n<p>[\/et_pb_text][et_pb_text _builder_version=&#8221;3.1.1&#8243; text_font_size=&#8221;18px&#8221; header_2_font_size=&#8221;60px&#8221; header_3_font_size=&#8221;30px&#8221; text_orientation=&#8221;justified&#8221; custom_margin=&#8221;-19px|||&#8221;]<\/p>\n<p><span>Le passeport doit \u00eatre en r\u00e8gle.<\/span><br \/><span>En entrant au Maroc on doit remplir une petite feuille \u00abde couleur blanche\u00bb avec nos donn\u00e9es personnelles. Pendant la travers\u00e9e en bateau la police marocaine, install\u00e9e dans le bateau, estampillera cette feuille.<\/span><\/p>\n<p><img fetchpriority=\"high\" decoding=\"async\" class=\"alignleft size-medium wp-image-317\" src=\"\/wp-content\/uploads\/2018\/05\/aduana-300x225.jpg\" alt=\"\" width=\"300\" height=\"225\" srcset=\"https:\/\/www.asilah-darmanara.com\/wp-content\/uploads\/2018\/05\/aduana-300x225.jpg 300w, https:\/\/www.asilah-darmanara.com\/wp-content\/uploads\/2018\/05\/aduana-510x382.jpg 510w, https:\/\/www.asilah-darmanara.com\/wp-content\/uploads\/2018\/05\/aduana.jpg 600w\" sizes=\"(max-width: 300px) 100vw, 300px\" \/>\u00c0 la sortie du pays la feuille est de \u00abcouleur jaune\u00bb; normalement elle est fourni par la compa<\/p>\n<p>gnie qui vend les passages du bateau et elle est livr\u00e9 pendant le contr\u00f4le policier avec le passeport.<\/p>\n<p>Il est recommandable de la remplir et de la pr\u00e9parer \u00e0 l\u2019avance, car parfois il y a de longues files d\u2019attente pendant le contr\u00f4le.<\/p>\n<p>Si vous voyagez avec votre propre v\u00e9hicule au Maroc, dans le port de Tanger, ind\u00e9pendamment des contr\u00f4les du passeport, vous devrez demander \u00e0 la douane le formulaire pour la voiture. Tous les documents doivent \u00eatre en r\u00e8gle, y compris la Carte Verte, et surtout!, que tous les documents portent le m\u00eame nom.<\/p>\n<p>Si vous voyagez avec une voiture qui n\u2019est pas enregistr\u00e9 \u00e0 votre nom, c\u2019est INDISPENSABLE de porter un document qui indique clairement que vous \u00eates autoris\u00e9 a la conduire.<\/p>\n<p>[\/et_pb_text][\/et_pb_column][\/et_pb_row][et_pb_row custom_padding=&#8221;27px|0px|0|0px&#8221; _builder_version=&#8221;3.0.47&#8243; background_size=&#8221;initial&#8221; background_position=&#8221;top_left&#8221; background_repeat=&#8221;repeat&#8221;][et_pb_column type=&#8221;4_4&#8243; _builder_version=&#8221;3.0.47&#8243; parallax=&#8221;off&#8221; parallax_method=&#8221;on&#8221;][et_pb_text _builder_version=&#8221;3.1.1&#8243; header_2_font=&#8221;Montez||||||||&#8221; header_2_text_color=&#8221;#8e3d00&#8243; header_2_font_size=&#8221;41px&#8221;]<\/p>\n<h2><strong>Changement de monnaie<\/strong><\/h2>\n<p>[\/et_pb_text][\/et_pb_column][\/et_pb_row][et_pb_row custom_padding=&#8221;0|0px|27px|0px&#8221; _builder_version=&#8221;3.1.1&#8243; background_size=&#8221;initial&#8221; background_position=&#8221;top_left&#8221; background_repeat=&#8221;repeat&#8221;][et_pb_column type=&#8221;1_2&#8243; _builder_version=&#8221;3.0.47&#8243; parallax=&#8221;off&#8221; parallax_method=&#8221;on&#8221;][et_pb_text _builder_version=&#8221;3.1.1&#8243; text_font_size=&#8221;18px&#8221; header_2_font=&#8221;Montez||||||||&#8221; header_2_font_size=&#8221;60px&#8221; header_3_font_size=&#8221;30px&#8221; text_orientation=&#8221;justified&#8221;]<\/p>\n<p>La monnaie du Maroc est le Dirham; le taux de change est normalement assez stable et est g\u00e9n\u00e9ralement \u00e0 10.8 Dh\/1\u20ac.<\/p>\n<p>On peut changer de la monnaie dans le port, dans l\u2019a\u00e9roport et dans les diff\u00e9rentes banques et lieux autoris\u00e9s. Il est recommand\u00e9 d\u2019avoir une certaine somme d\u2019argent du pays en cash pour payer le transport et les pourboires; de toute fa\u00e7on, il n\u2019y a aucun probl\u00e8me si vous voulez payer en euros; 1 euro \u00e9quivaudra \u00e0 10 Dh.<\/p>\n<p>[\/et_pb_text][\/et_pb_column][et_pb_column type=&#8221;1_2&#8243; _builder_version=&#8221;3.0.47&#8243; parallax=&#8221;off&#8221; parallax_method=&#8221;on&#8221;][et_pb_image src=&#8221;\/wp-content\/uploads\/2018\/05\/dirham.jpg&#8221; _builder_version=&#8221;3.1.1&#8243;][\/et_pb_image][\/et_pb_column][\/et_pb_row][et_pb_row custom_padding=&#8221;27px|0px|0|0px&#8221; _builder_version=&#8221;3.0.47&#8243; background_size=&#8221;initial&#8221; background_position=&#8221;top_left&#8221; background_repeat=&#8221;repeat&#8221;][et_pb_column type=&#8221;4_4&#8243; _builder_version=&#8221;3.0.47&#8243; parallax=&#8221;off&#8221; parallax_method=&#8221;on&#8221;][et_pb_text _builder_version=&#8221;3.1.1&#8243; text_font_size=&#8221;18px&#8221; header_2_font=&#8221;Montez||||||||&#8221; header_2_text_color=&#8221;#8e3d00&#8243; header_2_font_size=&#8221;41px&#8221; header_3_font_size=&#8221;30px&#8221; text_orientation=&#8221;justified&#8221;]<\/p>\n<h2><strong>Cartes de cr\u00e9dit<\/strong><\/h2>\n<p>Au Maroc elles ne sont pas accept\u00e9es comme en Europe; on peut normalement les utiliser dans les endroits fr\u00e9quent\u00e9s par les touristes, h\u00f4tels, restaurants, mais pas toujours.<br \/> Il est recommand\u00e9 de porter de la monnaie locale ou d\u2019utiliser les distributeurs automatiques; on les trouve facilement.<\/p>\n<p>&nbsp;<\/p>\n<h2><strong>Pourboires<\/strong><\/h2>\n<p>C\u2019est une coutume normale int\u00e9gr\u00e9e dans le pays. La quantit\u00e9 d\u00e9pendra de la volont\u00e9 de chacun. Une pi\u00e8ce de 1 ou 2 Dh (10 ou 20 centimes d\u2019euro) peut \u00eatre correcte.<\/p>\n<p>&nbsp;<\/p>\n<h2><strong>Transport public marocain<\/strong><\/h2>\n<p align=\"justify\">\u00c0 environ 2 Km d\u2019Asilah se trouve la gare de trains. Cette ligne va \u00e0 Marrakech et elle est reli\u00e9e avec d\u2019autres gares des villes importantes comme, Fez, Casablanca, Rabat.<\/p>\n<p align=\"justify\">Dans l\u2019autoroute nationale, on trouve l\u2019arr\u00eat des autobus allant aux villes les plus importantes du Maroc, qui passent assez fr\u00e9quemment.<\/p>\n<p><img decoding=\"async\" class=\"alignleft size-medium wp-image-531\" src=\"\/wp-content\/uploads\/2018\/06\/Petit-TAXI-de-Asilah-300x193.jpg\" alt=\"\" width=\"300\" height=\"193\" srcset=\"https:\/\/www.asilah-darmanara.com\/wp-content\/uploads\/2018\/06\/Petit-TAXI-de-Asilah-300x193.jpg 300w, https:\/\/www.asilah-darmanara.com\/wp-content\/uploads\/2018\/06\/Petit-TAXI-de-Asilah-768x494.jpg 768w, https:\/\/www.asilah-darmanara.com\/wp-content\/uploads\/2018\/06\/Petit-TAXI-de-Asilah-1024x659.jpg 1024w, https:\/\/www.asilah-darmanara.com\/wp-content\/uploads\/2018\/06\/Petit-TAXI-de-Asilah-1080x695.jpg 1080w, https:\/\/www.asilah-darmanara.com\/wp-content\/uploads\/2018\/06\/Petit-TAXI-de-Asilah.jpg 1600w\" sizes=\"(max-width: 300px) 100vw, 300px\" \/>Dans la ville d\u2019Asilah, des taxis peuvent \u00eatre pris facilement. Il y a les \u00abpetits taxis\u00bb, qui peuvent seulement se d\u00e9placer dans la ville, mais qui par contre ont un prix tr\u00e8s bon march\u00e9; les parcours co\u00fbtent entre 15-20 Dh.<\/p>\n<p align=\"justify\">Le \u00abgrand taxi\u00bb est g\u00e9n\u00e9ralement collectif; il dispose de 6 places et fait des trajets plus longs: Tanger, Larache et les villes autour. Le prix par personne pour aller \u00e0 Tanger est de 20 Dh et vous pouvez payer 2 si\u00e8ges pour \u00eatre plus confortable. Si vous prenez un taxi pour faire un parcours priv\u00e9, n\u00e9gociez toujours le prix \u00e0 l\u2019avance.<\/p>\n<p>[\/et_pb_text][\/et_pb_column][\/et_pb_row][et_pb_row custom_padding=&#8221;36px|0px|0|0&#8243; _builder_version=&#8221;3.0.47&#8243; background_size=&#8221;initial&#8221; background_position=&#8221;top_left&#8221; background_repeat=&#8221;repeat&#8221;][et_pb_column type=&#8221;4_4&#8243; _builder_version=&#8221;3.0.47&#8243; parallax=&#8221;off&#8221; parallax_method=&#8221;on&#8221;][et_pb_text _builder_version=&#8221;3.1.1&#8243; text_font_size=&#8221;18px&#8221; header_2_font=&#8221;Montez||||||||&#8221; header_2_text_color=&#8221;#8e3d00&#8243; header_2_font_size=&#8221;41px&#8221; custom_margin=&#8221;|||&#8221;]<\/p>\n<h2><\/h2>\n<h2><strong> Gastronomie <\/strong><\/h2>\n<p>La nourriture \u00e0 Asilah est un vrai plaisir. Les l\u00e9gumes et les fruits sont frais du jour et sont vendus par les paysans qui viennent les vendre aux march\u00e9s de la ville.<\/p>\n<p>Le pain est un aliment exquis, les fours au feu de bois de la ville se chargent de le cuire pendant toute la journ\u00e9e. Il est tendre et digestif.<\/p>\n<p><img decoding=\"async\" class=\"size-medium wp-image-321 alignright\" src=\"\/wp-content\/uploads\/2018\/05\/Pescado-en-el-puerto-1024x683-300x200.jpg\" alt=\"\" width=\"300\" height=\"200\" srcset=\"https:\/\/www.asilah-darmanara.com\/wp-content\/uploads\/2018\/05\/Pescado-en-el-puerto-1024x683-300x200.jpg 300w, https:\/\/www.asilah-darmanara.com\/wp-content\/uploads\/2018\/05\/Pescado-en-el-puerto-1024x683-768x512.jpg 768w, https:\/\/www.asilah-darmanara.com\/wp-content\/uploads\/2018\/05\/Pescado-en-el-puerto-1024x683.jpg 1024w\" sizes=\"(max-width: 300px) 100vw, 300px\" \/>Les poissons et les fruits de mer sont les plats \u00e9toile de cette ville de p\u00eacheurs; sa qualit\u00e9 est incontestable et ses prix imbattables.<\/p>\n<p align=\"justify\">Dans les restaurants et caf\u00e9s marocains on ne sert pas de boissons alcoolis\u00e9es d\u2019aucun type. Dans la ville on peut trouver des restaurants dirig\u00e9s par des espagnols qui ont une autorisation sp\u00e9ciale qui leur permet d\u2019offrir ce type de boissons.<\/p>\n<p>[\/et_pb_text][\/et_pb_column][\/et_pb_row][et_pb_row custom_padding=&#8221;15px|0px|0|0px&#8221; _builder_version=&#8221;3.1.1&#8243;][et_pb_column type=&#8221;4_4&#8243; _builder_version=&#8221;3.0.47&#8243; parallax=&#8221;off&#8221; parallax_method=&#8221;on&#8221;][et_pb_text _builder_version=&#8221;3.1.1&#8243; header_2_font=&#8221;Montez||||||||&#8221; header_2_text_color=&#8221;#8e3d00&#8243; header_2_font_size=&#8221;41px&#8221;]<\/p>\n<h2><strong><\/strong><\/h2>\n<h2><strong>Le Ramadan<\/strong><\/h2>\n<p>[\/et_pb_text][\/et_pb_column][\/et_pb_row][et_pb_row custom_padding=&#8221;27px|0px|28px|0px&#8221; _builder_version=&#8221;3.1.1&#8243; background_size=&#8221;initial&#8221; background_position=&#8221;top_left&#8221; background_repeat=&#8221;repeat&#8221;][et_pb_column type=&#8221;4_4&#8243; _builder_version=&#8221;3.0.47&#8243; parallax=&#8221;off&#8221; parallax_method=&#8221;on&#8221;][et_pb_text _builder_version=&#8221;3.1.1&#8243; text_font_size=&#8221;18px&#8221; header_2_font=&#8221;Montez||||||||&#8221; header_2_text_color=&#8221;#8e3d00&#8243; header_2_font_size=&#8221;41px&#8221; header_3_font_size=&#8221;30px&#8221; text_orientation=&#8221;justified&#8221; custom_margin=&#8221;-15px|||&#8221;]<\/p>\n<p><span style=\"font-size: 18px;\"><img loading=\"lazy\" decoding=\"async\" width=\"300\" height=\"234\" class=\"alignleft size-medium wp-image-1444\" alt=\"Ramadan en Marruecos\" src=\"\/wp-content\/uploads\/2018\/07\/Foto-Ramadan-web-min-300x234.png\" srcset=\"https:\/\/www.asilah-darmanara.com\/wp-content\/uploads\/2018\/07\/Foto-Ramadan-web-min-300x234.png 300w, https:\/\/www.asilah-darmanara.com\/wp-content\/uploads\/2018\/07\/Foto-Ramadan-web-min.png 310w\" sizes=\"(max-width: 300px) 100vw, 300px\" \/><\/span>Cette br\u00e8ve information pr\u00e9tend d\u2019\u00e9claircir les rumeurs et les id\u00e9es sur la r\u00e9percussion de la pratique islamique du Ramadan dans les lieux estivaux par excellence comme Asilah.<\/p>\n<p align=\"justify\">Cette ann\u00e9e le Ramadan commence le 10 juillet et durera jusqu\u2019\u00e0 la premi\u00e8re semaine d\u2019ao\u00fbt.<\/p>\n<p align=\"justify\">Qu\u2019est-ce que c\u2019est le Ramadan? L\u2019accomplissement d\u2019un mois de je\u00fbne selon le Coran. L\u2019objectif du je\u00fbne est d\u2019aider \u00e0 obtenir l\u2019autocontr\u00f4le, l\u2019autopurification et la connaissance d\u2019Allah, la compassion pour ceux qui n\u2019ont pas \u00e0 manger, l\u2019esprit de veiller et partager avec les autres humains.<\/p>\n<p align=\"justify\">C\u2019est une coutume universelle et est recommand\u00e9 dans toutes les religions du monde avec plus ou moins des restrictions dans certains cas que dans d\u2019autres.<\/p>\n<p align=\"justify\">Pendant ces dates, sans doute que les coutumes et le paysage urbain des peuples et des villes marocaines change, mais seulement l\u00e9g\u00e8rement; pour le visiteur tout reste pareil, ou presque.<\/p>\n<p align=\"justify\">Les restaurants et les bars de la plage seront ouverts et au service du public qui veut nous visiter; au coucher du soleil on pourra jouir d\u2019une ambiance festive, qui se produit quand le temps du je\u00fbne s\u2019arr\u00eate, le soir est tr\u00e8s anim\u00e9.<\/p>\n<p align=\"justify\">Pendant ce mois sacr\u00e9, comme signe de respect, au moins pendant la journ\u00e9e et dans les lieux publics, il est conseill\u00e9 de tenir compte que quelques pratiques europ\u00e9ennes comme boire de l\u2019alcool, fumer dans la rue ou porter des v\u00eatements excessivement l\u00e9gers peut heurter la sensibilit\u00e9 des habitants.<\/p>\n<p align=\"justify\">Ce sont des petits d\u00e9tails qu\u2019il faut tenir en compte; les consid\u00e9rer et les \u00e9viter de la part du visiteur est un geste de respect vers les coutumes et les traditions du pays qu\u2019on visite; les habitants sauront l\u2019appr\u00e9cier et vous remercierons.<\/p>\n<p align=\"justify\">Dar Manara offrira les m\u00eames services et m\u00eame d\u2019autres nouveaux.<span>\u00a0<\/span><a href=\"https:\/\/127.0.0.1\/Fr\/actividades_fr.html\">Le Bar de la plage de Said<\/a>, situ\u00e9 dans la belle plage de Las Palomas, sera ouvert et au service de nos clients et amis.Les musulmans ne fr\u00e9quentent pas g\u00e9n\u00e9ralement les plages pendant le mois du Ramadan!!<\/p>\n<p align=\"justify\">Que la c\u00e9l\u00e9bration du Ramadan co\u00efncide en ao\u00fbt, pleine date estivale, nous offre l\u2019occasion de vivre l\u2019exp\u00e9rience de cette c\u00e9l\u00e9bration, en direct, pouvant partager un autre point de vue de cette c\u00e9l\u00e9bration qui est si importante pour le monde Islamique.<\/p>\n<p>[\/et_pb_text][\/et_pb_column][\/et_pb_row][et_pb_row custom_padding=&#8221;3px|0px|0|0px&#8221; _builder_version=&#8221;3.1.1&#8243;][et_pb_column type=&#8221;4_4&#8243; _builder_version=&#8221;3.0.47&#8243; parallax=&#8221;off&#8221; parallax_method=&#8221;on&#8221;][et_pb_text _builder_version=&#8221;3.1.1&#8243; header_font=&#8221;||||||||&#8221; header_2_font=&#8221;Montez||||||||&#8221; header_2_text_color=&#8221;#8e3d00&#8243; header_2_font_size=&#8221;41px&#8221;]<\/p>\n<h2 align=\"justify\"><strong>S\u00e9curit\u00e9<\/strong><\/h2>\n<p>[\/et_pb_text][et_pb_text _builder_version=&#8221;3.1.1&#8243; text_font=&#8221;||||||||&#8221; text_font_size=&#8221;18px&#8221;]<\/p>\n<p><img loading=\"lazy\" decoding=\"async\" width=\"259\" height=\"195\" class=\"alignleft size-full wp-image-1465\" alt=\"la seguridad en marruecos\" src=\"\/wp-content\/uploads\/2018\/07\/SEGURIDAD.jpg\" \/><span style=\"font-size: 18px;\">Le Maroc est en ce moment un pays tr\u00e8s s\u00fbr, le tourisme jouit d\u2019une \u00e9norme protection de l\u2019\u00c9tat et des autorit\u00e9s marocaines, ainsi que d\u2019un grand respect de la part des citoyens.<\/span><\/p>\n<p align=\"justify\">Ces derni\u00e8res ann\u00e9es, le Maroc est devenu un des pays les plus visit\u00e9s de l\u2019Afrique; et particuli\u00e8rement le nord, qui est visit\u00e9 par un grand nombre d\u2019espagnols et d\u2019europ\u00e9ens, due a sa proximit\u00e9 avec l\u2019Espagne.<\/p>\n<p align=\"justify\">Asilah est situ\u00e9 dans un itin\u00e9raire touristique par excellence, facteur qui contribue \u00e0 ce que ses citoyens soient respectueux avec les coutumes de leurs visiteurs, puisqu\u2019ils sont habitu\u00e9s \u00e0 leur pr\u00e9sence, ce qu\u2019ils appr\u00e9cient et c\u00e9l\u00e8brent presque toujours.<\/p>\n<p align=\"justify\">En respectant les espaces des diff\u00e9rences culturelles qui puissent exister entre les deux cultures et en gardant du bon go\u00fbt et respect dans la fa\u00e7on comment on s\u2019habille, ainsi que dans les comportements sont la clef \u00e0 la bonne coexistence. En r\u00e9alit\u00e9, vous ne pourriez pas voir de grandes diff\u00e9rences entre les rues et les personnes de cette ville, et d\u2019une ville espagnole.<\/p>\n<p align=\"justify\">Les femmes sont tr\u00e8s respect\u00e9es et on peut jouir de prendre le soleil dans les plages, se baigner, marcher et faire vos achats en toute tranquillit\u00e9. Le top-less n\u2019est pas accept\u00e9.<\/p>\n<p>[\/et_pb_text][\/et_pb_column][\/et_pb_row][\/et_pb_section]<\/p>\n","protected":false},"excerpt":{"rendered":"<p>[et_pb_section fb_built=&#8221;1&#8243; _builder_version=&#8221;3.1.1&#8243; custom_margin=&#8221;0px|0px|0px|0px&#8221; custom_padding=&#8221;0px|0px|0px|0px&#8221;][et_pb_row custom_padding=&#8221;0px|0px|0px|0px&#8221; custom_margin=&#8221;0px|0px|0px|0px&#8221; padding_top_1=&#8221;0px&#8221; padding_right_1=&#8221;0px&#8221; padding_bottom_1=&#8221;0px&#8221; padding_left_1=&#8221;0px&#8221; _builder_version=&#8221;3.1.1&#8243; module_alignment=&#8221;center&#8221; custom_css_main_element=&#8221;width: 100%!important;||max-width: 100%!important;&#8221;][et_pb_column type=&#8221;4_4&#8243; _builder_version=&#8221;3.0.47&#8243; padding_bottom=&#8221;0px&#8221; padding_left=&#8221;0px&#8221; padding_right=&#8221;0px&#8221; padding_top=&#8221;0px&#8221; parallax=&#8221;off&#8221; parallax_method=&#8221;on&#8221;][et_pb_slider show_arrows=&#8221;off&#8221; _builder_version=&#8221;3.1.1&#8243; header_font_size_phone=&#8221;39&#8243; header_font_size_last_edited=&#8221;on|phone&#8221; auto=&#8221;on&#8221; auto_speed=&#8221;5000&#8243; custom_css_main_element=&#8221;width: 100%!important;|| max-width: 100%!important;&#8221;][et_pb_slide heading=&#8221;MAROC&#8221; use_bg_overlay=&#8221;off&#8221; use_text_overlay=&#8221;on&#8221; text_overlay_color=&#8221;rgba(0,0,0,0)&#8221; text_border_radius=&#8221;10&#8243; _builder_version=&#8221;3.1.1&#8243; header_level=&#8221;h1&#8243; header_font=&#8221;Montez||||||||&#8221; header_font_size=&#8221;100&#8243; header_font_size_tablet=&#8221;40&#8243; header_font_size_phone=&#8221;35&#8243; header_font_size_last_edited=&#8221;on|phone&#8221; background_image=&#8221;https:\/\/www.asilah-darmanara.com\/wp-content\/uploads\/2018\/07\/marruecos-carrusel-1.jpg&#8221; background_position=&#8221;bottom_center&#8221; button_on_hover=&#8221;on&#8221;][\/et_pb_slide][et_pb_slide heading=&#8221;MAROC&#8221; use_bg_overlay=&#8221;off&#8221; use_text_overlay=&#8221;on&#8221; text_overlay_color=&#8221;rgba(0,0,0,0)&#8221; text_border_radius=&#8221;10&#8243; _builder_version=&#8221;3.1.1&#8243; [&hellip;]<\/p>\n","protected":false},"author":4,"featured_media":0,"parent":0,"menu_order":3,"comment_status":"closed","ping_status":"closed","template":"","meta":{"footnotes":""},"class_list":["post-2460","page","type-page","status-publish","hentry"],"_links":{"self":[{"href":"https:\/\/www.asilah-darmanara.com\/fr\/wp-json\/wp\/v2\/pages\/2460","targetHints":{"allow":["GET"]}}],"collection":[{"href":"https:\/\/www.asilah-darmanara.com\/fr\/wp-json\/wp\/v2\/pages"}],"about":[{"href":"https:\/\/www.asilah-darmanara.com\/fr\/wp-json\/wp\/v2\/types\/page"}],"author":[{"embeddable":true,"href":"https:\/\/www.asilah-darmanara.com\/fr\/wp-json\/wp\/v2\/users\/4"}],"replies":[{"embeddable":true,"href":"https:\/\/www.asilah-darmanara.com\/fr\/wp-json\/wp\/v2\/comments?post=2460"}],"version-history":[{"count":8,"href":"https:\/\/www.asilah-darmanara.com\/fr\/wp-json\/wp\/v2\/pages\/2460\/revisions"}],"predecessor-version":[{"id":2940,"href":"https:\/\/www.asilah-darmanara.com\/fr\/wp-json\/wp\/v2\/pages\/2460\/revisions\/2940"}],"wp:attachment":[{"href":"https:\/\/www.asilah-darmanara.com\/fr\/wp-json\/wp\/v2\/media?parent=2460"}],"curies":[{"name":"wp","href":"https:\/\/api.w.org\/{rel}","templated":true}]}}