{"id":2486,"date":"2018-05-01T09:20:45","date_gmt":"2018-05-01T09:20:45","guid":{"rendered":"https:\/\/www.asilah-darmanara.com\/tarifas\/"},"modified":"2023-03-27T15:17:31","modified_gmt":"2023-03-27T15:17:31","slug":"tarifas","status":"publish","type":"page","link":"https:\/\/www.asilah-darmanara.com\/fr\/tarifas\/","title":{"rendered":"TARIFS ET SERVICES"},"content":{"rendered":"<p>[et_pb_section bb_built=&#8221;1&#8243; _builder_version=&#8221;3.1.1&#8243; custom_margin=&#8221;0px|0px|0px|0px&#8221; custom_padding=&#8221;0px|0px|0px|0px&#8221; custom_css_main_element=&#8221;width: 100%!important;||width: 100%!important;&#8221; next_background_color=&#8221;#000000&#8243;][et_pb_row custom_padding=&#8221;0px|0px|0px|0px&#8221; custom_margin=&#8221;0px|0px|0px|0px&#8221; padding_top_1=&#8221;0px&#8221; padding_right_1=&#8221;0px&#8221; padding_bottom_1=&#8221;0px&#8221; padding_left_1=&#8221;0px&#8221; _builder_version=&#8221;3.1.1&#8243; module_alignment=&#8221;center&#8221; custom_css_main_element=&#8221;width: 100%!important;||max-width: 100%!important;&#8221;][et_pb_column type=&#8221;4_4&#8243;][et_pb_slider _builder_version=&#8221;3.1.1&#8243; custom_css_main_element=&#8221;width: 100%!important;|| max-width: 100%!important;&#8221; animation_style=&#8221;fade&#8221; auto=&#8221;on&#8221;][et_pb_slide _builder_version=&#8221;3.1.1&#8243; background_color=&#8221;#ffffff&#8221; use_background_color_gradient=&#8221;off&#8221; background_color_gradient_start=&#8221;#2b87da&#8221; background_color_gradient_end=&#8221;#29c4a9&#8243; background_color_gradient_type=&#8221;linear&#8221; background_color_gradient_direction=&#8221;180deg&#8221; background_color_gradient_direction_radial=&#8221;center&#8221; background_color_gradient_start_position=&#8221;0%&#8221; background_color_gradient_end_position=&#8221;100%&#8221; background_color_gradient_overlays_image=&#8221;off&#8221; [et_pb_slide heading=&#8221;Tarifs et Services&#8221; use_bg_overlay=&#8221;off&#8221; use_text_overlay=&#8221;on&#8221; text_overlay_color=&#8221;rgba(0,0,0,0)&#8221; text_border_radius=&#8221;10&#8243; _builder_version=&#8221;3.1.1&#8243; header_level=&#8221;h1&#8243; header_font=&#8221;Montez||||||||&#8221; header_font_size=&#8221;100&#8243; header_font_size_tablet=&#8221;40&#8243; header_font_size_phone=&#8221;35&#8243; header_font_size_last_edited=&#8221;on|phone&#8221; background_image=&#8221;https:\/\/www.asilah-darmanara.com\/wp-content\/uploads\/2018\/11\/salon-2018.jpg&#8221; parallax=&#8221;off&#8221; parallax_method=&#8221;on&#8221; background_size=&#8221;cover&#8221; background_position=&#8221;center&#8221; background_repeat=&#8221;no-repeat&#8221; background_blend=&#8221;normal&#8221; allow_player_pause=&#8221;off&#8221; background_video_pause_outside_viewport=&#8221;on&#8221; use_bg_overlay=&#8221;off&#8221; use_text_overlay=&#8221;off&#8221; text_border_radius=&#8221;3&#8243; alignment=&#8221;center&#8221; child_filter_hue_rotate=&#8221;0deg&#8221; child_filter_saturate=&#8221;100%&#8221; child_filter_brightness=&#8221;100%&#8221; child_filter_contrast=&#8221;100%&#8221; child_filter_invert=&#8221;0%&#8221; child_filter_sepia=&#8221;0%&#8221; child_filter_opacity=&#8221;100%&#8221; child_filter_blur=&#8221;0px&#8221; child_mix_blend_mode=&#8221;normal&#8221; background_layout=&#8221;dark&#8221; text_shadow_style=&#8221;none&#8221; header_text_shadow_style=&#8221;none&#8221; body_text_shadow_style=&#8221;none&#8221; custom_button=&#8221;off&#8221; button_bg_use_color_gradient=&#8221;off&#8221; button_bg_color_gradient_overlays_image=&#8221;off&#8221; button_use_icon=&#8221;on&#8221; button_on_hover=&#8221;on&#8221; button_text_shadow_style=&#8221;none&#8221; box_shadow_style_button=&#8221;none&#8221; \/][et_pb_slide _builder_version=&#8221;3.1.1&#8243; background_color=&#8221;#ffffff&#8221; use_background_color_gradient=&#8221;off&#8221; background_color_gradient_start=&#8221;#2b87da&#8221; background_color_gradient_end=&#8221;#29c4a9&#8243; background_color_gradient_type=&#8221;linear&#8221; background_color_gradient_direction=&#8221;180deg&#8221; background_color_gradient_direction_radial=&#8221;center&#8221; background_color_gradient_start_position=&#8221;0%&#8221; background_color_gradient_end_position=&#8221;100%&#8221; background_color_gradient_overlays_image=&#8221;off&#8221; [et_pb_slide heading=&#8221;Tarifs et Services&#8221; use_bg_overlay=&#8221;off&#8221; use_text_overlay=&#8221;on&#8221; text_overlay_color=&#8221;rgba(0,0,0,0)&#8221; text_border_radius=&#8221;10&#8243; _builder_version=&#8221;3.1.1&#8243; header_level=&#8221;h1&#8243; header_font=&#8221;Montez||||||||&#8221; header_font_size=&#8221;100&#8243; header_font_size_tablet=&#8221;40&#8243; header_font_size_phone=&#8221;35&#8243; header_font_size_last_edited=&#8221;on|phone&#8221; background_image=&#8221;https:\/\/www.asilah-darmanara.com\/wp-content\/uploads\/2018\/11\/candela-2018.jpg&#8221; parallax=&#8221;off&#8221; parallax_method=&#8221;on&#8221; background_size=&#8221;cover&#8221; background_position=&#8221;center&#8221; background_repeat=&#8221;no-repeat&#8221; background_blend=&#8221;normal&#8221; allow_player_pause=&#8221;off&#8221; background_video_pause_outside_viewport=&#8221;on&#8221; use_bg_overlay=&#8221;off&#8221; use_text_overlay=&#8221;off&#8221; text_border_radius=&#8221;3&#8243; alignment=&#8221;center&#8221; child_filter_hue_rotate=&#8221;0deg&#8221; child_filter_saturate=&#8221;100%&#8221; child_filter_brightness=&#8221;100%&#8221; child_filter_contrast=&#8221;100%&#8221; child_filter_invert=&#8221;0%&#8221; child_filter_sepia=&#8221;0%&#8221; child_filter_opacity=&#8221;100%&#8221; child_filter_blur=&#8221;0px&#8221; child_mix_blend_mode=&#8221;normal&#8221; background_layout=&#8221;dark&#8221; text_shadow_style=&#8221;none&#8221; header_text_shadow_style=&#8221;none&#8221; body_text_shadow_style=&#8221;none&#8221; custom_button=&#8221;off&#8221; button_bg_use_color_gradient=&#8221;off&#8221; button_bg_color_gradient_overlays_image=&#8221;off&#8221; button_use_icon=&#8221;on&#8221; button_on_hover=&#8221;on&#8221; button_text_shadow_style=&#8221;none&#8221; box_shadow_style_button=&#8221;none&#8221; \/][et_pb_slide _builder_version=&#8221;3.1.1&#8243; background_color=&#8221;#ffffff&#8221; use_background_color_gradient=&#8221;off&#8221; background_color_gradient_start=&#8221;#2b87da&#8221; background_color_gradient_end=&#8221;#29c4a9&#8243; background_color_gradient_type=&#8221;linear&#8221; background_color_gradient_direction=&#8221;180deg&#8221; background_color_gradient_direction_radial=&#8221;center&#8221; background_color_gradient_start_position=&#8221;0%&#8221; background_color_gradient_end_position=&#8221;100%&#8221; background_color_gradient_overlays_image=&#8221;off&#8221; [et_pb_slide heading=&#8221;Tarifs et Services&#8221; use_bg_overlay=&#8221;off&#8221; use_text_overlay=&#8221;on&#8221; text_overlay_color=&#8221;rgba(0,0,0,0)&#8221; text_border_radius=&#8221;10&#8243; _builder_version=&#8221;3.1.1&#8243; header_level=&#8221;h1&#8243; header_font=&#8221;Montez||||||||&#8221; header_font_size=&#8221;100&#8243; header_font_size_tablet=&#8221;40&#8243; header_font_size_phone=&#8221;35&#8243; header_font_size_last_edited=&#8221;on|phone&#8221; background_image=&#8221;https:\/\/www.asilah-darmanara.com\/wp-content\/uploads\/2018\/11\/recep-2018.jpg&#8221; parallax=&#8221;off&#8221; parallax_method=&#8221;on&#8221; background_size=&#8221;cover&#8221; background_position=&#8221;center&#8221; background_repeat=&#8221;no-repeat&#8221; background_blend=&#8221;normal&#8221; allow_player_pause=&#8221;off&#8221; background_video_pause_outside_viewport=&#8221;on&#8221; use_bg_overlay=&#8221;off&#8221; use_text_overlay=&#8221;off&#8221; text_border_radius=&#8221;3&#8243; alignment=&#8221;center&#8221; child_filter_hue_rotate=&#8221;0deg&#8221; child_filter_saturate=&#8221;100%&#8221; child_filter_brightness=&#8221;100%&#8221; child_filter_contrast=&#8221;100%&#8221; child_filter_invert=&#8221;0%&#8221; child_filter_sepia=&#8221;0%&#8221; child_filter_opacity=&#8221;100%&#8221; child_filter_blur=&#8221;0px&#8221; child_mix_blend_mode=&#8221;normal&#8221; background_layout=&#8221;dark&#8221; text_shadow_style=&#8221;none&#8221; header_text_shadow_style=&#8221;none&#8221; body_text_shadow_style=&#8221;none&#8221; custom_button=&#8221;off&#8221; button_bg_use_color_gradient=&#8221;off&#8221; button_bg_color_gradient_overlays_image=&#8221;off&#8221; button_use_icon=&#8221;on&#8221; button_on_hover=&#8221;on&#8221; button_text_shadow_style=&#8221;none&#8221; box_shadow_style_button=&#8221;none&#8221; \/][et_pb_slide _builder_version=&#8221;3.1.1&#8243; background_color=&#8221;#ffffff&#8221; use_background_color_gradient=&#8221;off&#8221; background_color_gradient_start=&#8221;#2b87da&#8221; background_color_gradient_end=&#8221;#29c4a9&#8243; background_color_gradient_type=&#8221;linear&#8221; background_color_gradient_direction=&#8221;180deg&#8221; background_color_gradient_direction_radial=&#8221;center&#8221; background_color_gradient_start_position=&#8221;0%&#8221; background_color_gradient_end_position=&#8221;100%&#8221; background_color_gradient_overlays_image=&#8221;off&#8221; [et_pb_slide heading=&#8221;Tarifs et Services&#8221; use_bg_overlay=&#8221;off&#8221; use_text_overlay=&#8221;on&#8221; text_overlay_color=&#8221;rgba(0,0,0,0)&#8221; text_border_radius=&#8221;10&#8243; _builder_version=&#8221;3.1.1&#8243; header_level=&#8221;h1&#8243; header_font=&#8221;Montez||||||||&#8221; header_font_size=&#8221;100&#8243; header_font_size_tablet=&#8221;40&#8243; header_font_size_phone=&#8221;35&#8243; header_font_size_last_edited=&#8221;on|phone&#8221; background_image=&#8221;https:\/\/www.asilah-darmanara.com\/wp-content\/uploads\/2018\/11\/pergola-2018.jpg&#8221; parallax=&#8221;off&#8221; parallax_method=&#8221;on&#8221; background_size=&#8221;cover&#8221; background_position=&#8221;center&#8221; background_repeat=&#8221;no-repeat&#8221; background_blend=&#8221;normal&#8221; allow_player_pause=&#8221;off&#8221; background_video_pause_outside_viewport=&#8221;on&#8221; use_bg_overlay=&#8221;off&#8221; use_text_overlay=&#8221;off&#8221; text_border_radius=&#8221;3&#8243; alignment=&#8221;center&#8221; child_filter_hue_rotate=&#8221;0deg&#8221; child_filter_saturate=&#8221;100%&#8221; child_filter_brightness=&#8221;100%&#8221; child_filter_contrast=&#8221;100%&#8221; child_filter_invert=&#8221;0%&#8221; child_filter_sepia=&#8221;0%&#8221; child_filter_opacity=&#8221;100%&#8221; child_filter_blur=&#8221;0px&#8221; child_mix_blend_mode=&#8221;normal&#8221; background_layout=&#8221;dark&#8221; text_shadow_style=&#8221;none&#8221; header_text_shadow_style=&#8221;none&#8221; body_text_shadow_style=&#8221;none&#8221; custom_button=&#8221;off&#8221; button_bg_use_color_gradient=&#8221;off&#8221; button_bg_color_gradient_overlays_image=&#8221;off&#8221; button_use_icon=&#8221;on&#8221; button_on_hover=&#8221;on&#8221; button_text_shadow_style=&#8221;none&#8221; box_shadow_style_button=&#8221;none&#8221; \/][\/et_pb_slider][\/et_pb_column][\/et_pb_row][\/et_pb_section][et_pb_section bb_built=&#8221;1&#8243; _builder_version=&#8221;3.0.47&#8243; custom_padding=&#8221;54px|0px|0|330px&#8221; prev_background_color=&#8221;#000000&#8243;][et_pb_row _builder_version=&#8221;3.0.47&#8243; background_size=&#8221;initial&#8221; background_position=&#8221;top_left&#8221; background_repeat=&#8221;repeat&#8221;][et_pb_column type=&#8221;4_4&#8243;][et_pb_text _builder_version=&#8221;3.1.1&#8243; text_font_size=&#8221;18px&#8221; header_text_color=&#8221;#8e3d00&#8243; header_2_font=&#8221;Montez||||||||&#8221; header_2_text_color=&#8221;#8e4208&#8243; header_2_font_size=&#8221;50px&#8221; header_2_font_size_phone=&#8221;41px&#8221; header_2_font_size_last_edited=&#8221;on|phone&#8221; header_3_font_size=&#8221;30px&#8221;]<\/p>\n<h2><b> Tarifs et services compl\u00e9mentaires 2023<\/b><\/h2>\n<p>Dar Manara est ouvert toute l\u2019ann\u00e9e. L\u2019occupation chez Dar Manara est formalis\u00e9e par r\u00e9servation pr\u00e9alable.<\/p>\n<p>Demander les prix pour les s\u00e9jours de longue dur\u00e9e, pour des groupes et autres services: rencontres, r\u00e9unions, c\u00e9l\u00e9brations\u2026 (seulement en Basse saison).<\/p>\n<ul>\n<li>Les prix incluent petit d\u00e9jeuner et TVA.<\/li>\n<li>Les 40 Dh de l\u2019Imp\u00f4t International par nuit pendant votre s\u00e9jour ne sont pas compris dans les tarifs.<\/li>\n<\/ul>\n<h2><strong>Chambres<\/strong><\/h2>\n<p align=\"justify\"><strong>DAR MANARA<\/strong>\u00a0dispose de 5 chambres doubles, toutes avec salle de bains priv\u00e9e, chauffage, air conditionn\u00e9 et wifi:<\/p>\n<ul>\n<li>2 chambres doubles.<\/li>\n<li>3 chambres \u00e0 coucher avec deux lits.<\/li>\n<\/ul>\n<p align=\"justify\"><em>* La Chambre Rose est la seule qui permet l\u2019extension et peut devenir triple. Extension PRIX: 25 \u20ac en basse saison.<\/em><\/p>\n<p>Dans le prix de d\u00e9tail par chambre comprend:<\/p>\n<ul>\n<li>Petit d\u00e9jeuner arabe \/ europ\u00e9enne.<\/li>\n<li>Avec des fruits frais.<\/li>\n<\/ul>\n<h2><strong>Observations<\/strong><\/h2>\n<p><strong>Enfants<\/strong>\u00a0\u00e0 partir de 4 ans (Dar Manara ne r\u00e9unit pas les conditions n\u00e9cessaires pour accueillir des b\u00e9b\u00e9s) On n\u2019accepte\u00a0<strong>pas d\u2019animaux<\/strong>. DAR MANARA est en g\u00e9n\u00e9ral un espace libre de fum\u00e9e, bien qu\u2019on accepte de fumer dans la terrasse et dans les haimas.\u00a0<strong>MERCI DE NE PAS FUMER<\/strong><\/p>\n<p>[\/et_pb_text][\/et_pb_column][\/et_pb_row][et_pb_row custom_padding=&#8221;27px|0px|17px|0px&#8221; _builder_version=&#8221;3.1.1&#8243; background_size=&#8221;initial&#8221; background_position=&#8221;top_left&#8221; background_repeat=&#8221;repeat&#8221;][et_pb_column type=&#8221;4_4&#8243;][et_pb_text _builder_version=&#8221;3.1.1&#8243; text_font_size=&#8221;18px&#8221; header_2_font=&#8221;Montez||||||||&#8221; header_2_text_color=&#8221;#8e4208&#8243; header_2_font_size=&#8221;50px&#8221; header_2_font_size_phone=&#8221;41px&#8221; header_2_font_size_last_edited=&#8221;on|phone&#8221;]<\/p>\n<h2><strong>Transferts \u00e0 Assilah<\/strong><\/h2>\n<p><img fetchpriority=\"high\" decoding=\"async\" src=\"\/wp-content\/uploads\/2018\/07\/Taxi-Arabi-e1499867833897-300x203.jpg\" alt=\"\" width=\"300\" height=\"211\" \/><\/p>\n<ul>\n<li><strong>Accueil transfert de l\u2019a\u00e9roport de Tanger:\u00a0<\/strong>20\u20ac40km. (5 personnes maximum).<\/li>\n<\/ul>\n<ul>\n<li><strong>Accueil transfert du \u00ab\u00a0vieux\u00a0\u00bb port de Tanger:\u00a0<\/strong>25\u20ac\u00a040 km. (5 personnes maximum).<\/li>\n<\/ul>\n<ul>\n<li><strong>Accueil transfert du \u00ab\u00a0nouveau\u00a0\u00bb port de Tanger Med:\u00a0<\/strong>80\u20ac. Aproximadamenet 90 km par l\u2019autoroute (5 personnes maximum).<\/li>\n<\/ul>\n<h2><strong>Restaurantion<\/strong><\/h2>\n<p><strong><img decoding=\"async\" src=\"\/wp-content\/uploads\/2018\/07\/Entrada-del-Restaurante-que-colaboramos-600x450-300x225.jpg\" alt=\"restaurante\" width=\"279\" height=\"209\" \/>Une mention sp\u00e9ciale<\/strong> sur notre nouvelle collaboration avec le Restaurant marocain AL <strong>MAGHREBIA<\/strong>.<br \/>\nPlats marocains tr\u00e8s soign\u00e9s, emplacement agr\u00e9able, propre et un service professionnel, des prix raisonnables et abordables. T\u00e9l\u00e9phone pour des r\u00e9servation et contact: 00212-633662377 (depuis l\u2019\u00e9tranger), 0633662377 (depuis le Maroc). Service de restaurant sur commande \u00e0 Dar Manara pour des groupes h\u00e9bergeant plus de deux jours, servis par le <strong>Restaurant AL MAGHREBIA. .<\/strong><\/p>\n<p>[\/et_pb_text][et_pb_text _builder_version=&#8221;3.1.1&#8243; text_font_size=&#8221;18px&#8221; header_2_font=&#8221;Montez||||||||&#8221; header_2_text_color=&#8221;#8e4208&#8243; header_2_font_size=&#8221;50px&#8221; header_2_font_size_phone=&#8221;41px&#8221; header_2_font_size_last_edited=&#8221;on|phone&#8221;]<\/p>\n<p>[\/et_pb_text][\/et_pb_column][\/et_pb_row][\/et_pb_section]<\/p>\n","protected":false},"excerpt":{"rendered":"<p>[et_pb_section bb_built=&#8221;1&#8243; _builder_version=&#8221;3.1.1&#8243; custom_margin=&#8221;0px|0px|0px|0px&#8221; custom_padding=&#8221;0px|0px|0px|0px&#8221; custom_css_main_element=&#8221;width: 100%!important;||width: 100%!important;&#8221; next_background_color=&#8221;#000000&#8243;][et_pb_row custom_padding=&#8221;0px|0px|0px|0px&#8221; custom_margin=&#8221;0px|0px|0px|0px&#8221; padding_top_1=&#8221;0px&#8221; padding_right_1=&#8221;0px&#8221; padding_bottom_1=&#8221;0px&#8221; padding_left_1=&#8221;0px&#8221; _builder_version=&#8221;3.1.1&#8243; module_alignment=&#8221;center&#8221; custom_css_main_element=&#8221;width: 100%!important;||max-width: 100%!important;&#8221;][et_pb_column type=&#8221;4_4&#8243;][et_pb_slider _builder_version=&#8221;3.1.1&#8243; custom_css_main_element=&#8221;width: 100%!important;|| max-width: 100%!important;&#8221; animation_style=&#8221;fade&#8221; auto=&#8221;on&#8221;][et_pb_slide _builder_version=&#8221;3.1.1&#8243; background_color=&#8221;#ffffff&#8221; use_background_color_gradient=&#8221;off&#8221; background_color_gradient_start=&#8221;#2b87da&#8221; background_color_gradient_end=&#8221;#29c4a9&#8243; background_color_gradient_type=&#8221;linear&#8221; background_color_gradient_direction=&#8221;180deg&#8221; background_color_gradient_direction_radial=&#8221;center&#8221; background_color_gradient_start_position=&#8221;0%&#8221; background_color_gradient_end_position=&#8221;100%&#8221; background_color_gradient_overlays_image=&#8221;off&#8221; [et_pb_slide heading=&#8221;Tarifs et Services&#8221; use_bg_overlay=&#8221;off&#8221; use_text_overlay=&#8221;on&#8221; text_overlay_color=&#8221;rgba(0,0,0,0)&#8221; text_border_radius=&#8221;10&#8243; _builder_version=&#8221;3.1.1&#8243; header_level=&#8221;h1&#8243; header_font=&#8221;Montez||||||||&#8221; header_font_size=&#8221;100&#8243; header_font_size_tablet=&#8221;40&#8243; header_font_size_phone=&#8221;35&#8243; header_font_size_last_edited=&#8221;on|phone&#8221; background_image=&#8221;https:\/\/www.asilah-darmanara.com\/wp-content\/uploads\/2018\/11\/salon-2018.jpg&#8221; [&hellip;]<\/p>\n","protected":false},"author":4,"featured_media":0,"parent":0,"menu_order":6,"comment_status":"closed","ping_status":"closed","template":"","meta":{"footnotes":""},"class_list":["post-2486","page","type-page","status-publish","hentry"],"_links":{"self":[{"href":"https:\/\/www.asilah-darmanara.com\/fr\/wp-json\/wp\/v2\/pages\/2486","targetHints":{"allow":["GET"]}}],"collection":[{"href":"https:\/\/www.asilah-darmanara.com\/fr\/wp-json\/wp\/v2\/pages"}],"about":[{"href":"https:\/\/www.asilah-darmanara.com\/fr\/wp-json\/wp\/v2\/types\/page"}],"author":[{"embeddable":true,"href":"https:\/\/www.asilah-darmanara.com\/fr\/wp-json\/wp\/v2\/users\/4"}],"replies":[{"embeddable":true,"href":"https:\/\/www.asilah-darmanara.com\/fr\/wp-json\/wp\/v2\/comments?post=2486"}],"version-history":[{"count":55,"href":"https:\/\/www.asilah-darmanara.com\/fr\/wp-json\/wp\/v2\/pages\/2486\/revisions"}],"predecessor-version":[{"id":4254,"href":"https:\/\/www.asilah-darmanara.com\/fr\/wp-json\/wp\/v2\/pages\/2486\/revisions\/4254"}],"wp:attachment":[{"href":"https:\/\/www.asilah-darmanara.com\/fr\/wp-json\/wp\/v2\/media?parent=2486"}],"curies":[{"name":"wp","href":"https:\/\/api.w.org\/{rel}","templated":true}]}}