{"id":2646,"date":"2018-06-04T10:56:10","date_gmt":"2018-06-04T10:56:10","guid":{"rendered":"https:\/\/www.asilah-darmanara.com\/taller-de-grabado\/"},"modified":"2018-10-09T12:30:52","modified_gmt":"2018-10-09T12:30:52","slug":"taller-de-grabado","status":"publish","type":"page","link":"https:\/\/www.asilah-darmanara.com\/fr\/taller-de-grabado\/","title":{"rendered":"Gravure"},"content":{"rendered":"<p>[et_pb_section bb_built=&#8221;1&#8243; _builder_version=&#8221;3.1.1&#8243; custom_margin=&#8221;0px|0px|0px|0px&#8221; custom_padding=&#8221;0px|0px|0px|0px&#8221; next_background_color=&#8221;#000000&#8243;][et_pb_row custom_padding=&#8221;0px|0px|0px|0px&#8221; custom_margin=&#8221;0px|0px|0px|0px&#8221; padding_top_1=&#8221;0px&#8221; padding_right_1=&#8221;0px&#8221; padding_bottom_1=&#8221;0px&#8221; padding_left_1=&#8221;0px&#8221; _builder_version=&#8221;3.1.1&#8243; module_alignment=&#8221;center&#8221; custom_css_main_element=&#8221;width: 100%!important;||max-width: 100%!important;&#8221;][et_pb_column type=&#8221;4_4&#8243;][et_pb_slider _builder_version=&#8221;3.1.1&#8243; auto=&#8221;on&#8221; auto_speed=&#8221;5000&#8243; custom_css_main_element=&#8221;width: 100%!important;|| max-width: 100%!important;&#8221;][et_pb_slide heading=&#8221;ACTIVIDADES&#8221; use_bg_overlay=&#8221;off&#8221; use_text_overlay=&#8221;off&#8221; _builder_version=&#8221;3.1.1&#8243; header_level=&#8221;h1&#8243; header_font=&#8221;Montez||||||||&#8221; header_font_size=&#8221;80&#8243; header_font_size_tablet=&#8221;40&#8243; header_font_size_phone=&#8221;40&#8243; header_font_size_last_edited=&#8221;on|phone&#8221; background_image=&#8221;https:\/\/www.asilah-darmanara.com\/wp-content\/uploads\/2018\/05\/Header-actividades-1024&#215;314.png&#8221; button_on_hover=&#8221;on&#8221;][\/et_pb_slide][et_pb_slide heading=&#8221;ACTIVIDADES&#8221; use_bg_overlay=&#8221;off&#8221; use_text_overlay=&#8221;off&#8221; _builder_version=&#8221;3.1.1&#8243; header_level=&#8221;h1&#8243; header_font=&#8221;Montez||||||||&#8221; header_font_size=&#8221;80&#8243; header_font_size_tablet=&#8221;40&#8243; header_font_size_phone=&#8221;40&#8243; header_font_size_last_edited=&#8221;on|phone&#8221; background_image=&#8221;https:\/\/www.asilah-darmanara.com\/wp-content\/uploads\/2018\/07\/Festival-2018-2-min.jpg&#8221; button_on_hover=&#8221;on&#8221;][\/et_pb_slide][et_pb_slide heading=&#8221;ACTIVIDADES&#8221; use_bg_overlay=&#8221;off&#8221; use_text_overlay=&#8221;off&#8221; _builder_version=&#8221;3.1.1&#8243; header_level=&#8221;h1&#8243; header_font=&#8221;Montez||||||||&#8221; header_font_size=&#8221;80&#8243; header_font_size_tablet=&#8221;40&#8243; header_font_size_phone=&#8221;40&#8243; header_font_size_last_edited=&#8221;on|phone&#8221; background_image=&#8221;https:\/\/www.asilah-darmanara.com\/wp-content\/uploads\/2018\/05\/Terraza-1024&#215;683.jpg&#8221; button_on_hover=&#8221;on&#8221;][\/et_pb_slide][et_pb_slide heading=&#8221;ACTIVIDADES&#8221; use_bg_overlay=&#8221;off&#8221; use_text_overlay=&#8221;off&#8221; _builder_version=&#8221;3.1.1&#8243; header_level=&#8221;h1&#8243; header_font=&#8221;Montez||||||||&#8221; header_font_size=&#8221;80&#8243; header_font_size_tablet=&#8221;40&#8243; header_font_size_phone=&#8221;40&#8243; header_font_size_last_edited=&#8221;on|phone&#8221; background_image=&#8221;https:\/\/www.asilah-darmanara.com\/wp-content\/uploads\/2018\/07\/actividades-carrusel-4.jpg&#8221; button_on_hover=&#8221;on&#8221; background_position=&#8221;top_center&#8221;][\/et_pb_slide][\/et_pb_slider][\/et_pb_column][\/et_pb_row][\/et_pb_section][et_pb_section bb_built=&#8221;1&#8243; _builder_version=&#8221;3.1.1&#8243; custom_margin=&#8221;0px|0px|0px|0px&#8221; custom_padding=&#8221;0px|0px|0px|0px&#8221; prev_background_color=&#8221;#000000&#8243;][et_pb_row _builder_version=&#8221;3.0.47&#8243; background_size=&#8221;initial&#8221; background_position=&#8221;top_left&#8221; background_repeat=&#8221;repeat&#8221;][et_pb_column type=&#8221;4_4&#8243;][et_pb_text admin_label=&#8221;titulo Gravure&#8221; _builder_version=&#8221;3.1.1&#8243; header_2_font=&#8221;Montez||||||||&#8221; header_2_text_align=&#8221;center&#8221; header_2_text_color=&#8221;#8e3d00&#8243; header_2_font_size=&#8221;60px&#8221;]<\/p>\n<h2><strong>Gravure<\/strong><\/h2>\n<p>[\/et_pb_text][et_pb_text admin_label=&#8221;Titulo gravure&#8221; _builder_version=&#8221;3.1.1&#8243; text_font_size=&#8221;18px&#8221;]<\/p>\n<p>La gravure est un travail effectu\u00e9 sur une surface de bois ou d\u2019un m\u00e9tal appel\u00e9 le fer par des instruments tranchants ou des acides qui attaquent la surface du m\u00e9tal.<\/p>\n<ul>\n<li>Groupe minimum de 4 personnes<\/li>\n<li>Groupe maximum de 11 personnes<\/li>\n<li>Cours de 3 jours (minimum)<\/li>\n<li>L\u2019heure est approximativement de 11h00 \u00e0 14h00.<\/li>\n<li>Atelier de gravure est dans la m\u00e9dina d&#8217;Asilah<\/li>\n<li>Le mat\u00e9riel et les produits n\u00e9cessaires sont fournis<\/li>\n<li>L\u2019artiste supervise le projet lui-m\u00eame<\/li>\n<\/ul>\n<p>Le prix de l&#8217;atelier variera en fonction du nombre de personnes.<\/p>\n<p>Une d\u00e9monstration des rouleaux r\u00e9alis\u00e9s par les \u00e9l\u00e8ves sera affich\u00e9e.<\/p>\n<p>Si l&#8217;\u00e9tudiant veut plus de rouleaux, il y aura un suppl\u00e9ment de 20Dh par rouleau<\/p>\n<p>[\/et_pb_text][\/et_pb_column][\/et_pb_row][et_pb_row custom_padding=&#8221;0|0px|25px|0px&#8221; _builder_version=&#8221;3.1.1&#8243; background_size=&#8221;initial&#8221; background_position=&#8221;top_left&#8221; background_repeat=&#8221;repeat&#8221; global_module=&#8221;3234&#8243;][et_pb_column type=&#8221;1_3&#8243;][et_pb_image global_parent=&#8221;3234&#8243; src=&#8221;\/wp-content\/uploads\/2018\/07\/Grabado-3-mod.png&#8221; _builder_version=&#8221;3.1.1&#8243; \/][\/et_pb_column][et_pb_column type=&#8221;1_3&#8243;][et_pb_image global_parent=&#8221;3234&#8243; src=&#8221;\/wp-content\/uploads\/2018\/07\/Grabado-3.jpg&#8221; _builder_version=&#8221;3.1.1&#8243; \/][\/et_pb_column][et_pb_column type=&#8221;1_3&#8243;][et_pb_image global_parent=&#8221;3234&#8243; src=&#8221;\/wp-content\/uploads\/2018\/07\/Grabado.jpg&#8221; _builder_version=&#8221;3.1.1&#8243; \/][\/et_pb_column][\/et_pb_row][\/et_pb_section]<\/p>\n","protected":false},"excerpt":{"rendered":"<p>[et_pb_section bb_built=&#8221;1&#8243; _builder_version=&#8221;3.1.1&#8243; custom_margin=&#8221;0px|0px|0px|0px&#8221; custom_padding=&#8221;0px|0px|0px|0px&#8221; next_background_color=&#8221;#000000&#8243;][et_pb_row custom_padding=&#8221;0px|0px|0px|0px&#8221; custom_margin=&#8221;0px|0px|0px|0px&#8221; padding_top_1=&#8221;0px&#8221; padding_right_1=&#8221;0px&#8221; padding_bottom_1=&#8221;0px&#8221; padding_left_1=&#8221;0px&#8221; _builder_version=&#8221;3.1.1&#8243; module_alignment=&#8221;center&#8221; custom_css_main_element=&#8221;width: 100%!important;||max-width: 100%!important;&#8221;][et_pb_column type=&#8221;4_4&#8243;][et_pb_slider _builder_version=&#8221;3.1.1&#8243; auto=&#8221;on&#8221; auto_speed=&#8221;5000&#8243; custom_css_main_element=&#8221;width: 100%!important;|| max-width: 100%!important;&#8221;][et_pb_slide heading=&#8221;ACTIVIDADES&#8221; use_bg_overlay=&#8221;off&#8221; use_text_overlay=&#8221;off&#8221; _builder_version=&#8221;3.1.1&#8243; header_level=&#8221;h1&#8243; header_font=&#8221;Montez||||||||&#8221; header_font_size=&#8221;80&#8243; header_font_size_tablet=&#8221;40&#8243; header_font_size_phone=&#8221;40&#8243; header_font_size_last_edited=&#8221;on|phone&#8221; background_image=&#8221;https:\/\/www.asilah-darmanara.com\/wp-content\/uploads\/2018\/05\/Header-actividades-1024&#215;314.png&#8221; button_on_hover=&#8221;on&#8221;][\/et_pb_slide][et_pb_slide heading=&#8221;ACTIVIDADES&#8221; use_bg_overlay=&#8221;off&#8221; use_text_overlay=&#8221;off&#8221; _builder_version=&#8221;3.1.1&#8243; header_level=&#8221;h1&#8243; header_font=&#8221;Montez||||||||&#8221; header_font_size=&#8221;80&#8243; header_font_size_tablet=&#8221;40&#8243; header_font_size_phone=&#8221;40&#8243; header_font_size_last_edited=&#8221;on|phone&#8221; background_image=&#8221;https:\/\/www.asilah-darmanara.com\/wp-content\/uploads\/2018\/07\/Festival-2018-2-min.jpg&#8221; button_on_hover=&#8221;on&#8221;][\/et_pb_slide][et_pb_slide heading=&#8221;ACTIVIDADES&#8221; use_bg_overlay=&#8221;off&#8221; use_text_overlay=&#8221;off&#8221; _builder_version=&#8221;3.1.1&#8243; header_level=&#8221;h1&#8243; header_font=&#8221;Montez||||||||&#8221; [&hellip;]<\/p>\n","protected":false},"author":4,"featured_media":0,"parent":0,"menu_order":0,"comment_status":"closed","ping_status":"closed","template":"","meta":{"footnotes":""},"class_list":["post-2646","page","type-page","status-publish","hentry"],"_links":{"self":[{"href":"https:\/\/www.asilah-darmanara.com\/fr\/wp-json\/wp\/v2\/pages\/2646","targetHints":{"allow":["GET"]}}],"collection":[{"href":"https:\/\/www.asilah-darmanara.com\/fr\/wp-json\/wp\/v2\/pages"}],"about":[{"href":"https:\/\/www.asilah-darmanara.com\/fr\/wp-json\/wp\/v2\/types\/page"}],"author":[{"embeddable":true,"href":"https:\/\/www.asilah-darmanara.com\/fr\/wp-json\/wp\/v2\/users\/4"}],"replies":[{"embeddable":true,"href":"https:\/\/www.asilah-darmanara.com\/fr\/wp-json\/wp\/v2\/comments?post=2646"}],"version-history":[{"count":3,"href":"https:\/\/www.asilah-darmanara.com\/fr\/wp-json\/wp\/v2\/pages\/2646\/revisions"}],"predecessor-version":[{"id":3236,"href":"https:\/\/www.asilah-darmanara.com\/fr\/wp-json\/wp\/v2\/pages\/2646\/revisions\/3236"}],"wp:attachment":[{"href":"https:\/\/www.asilah-darmanara.com\/fr\/wp-json\/wp\/v2\/media?parent=2646"}],"curies":[{"name":"wp","href":"https:\/\/api.w.org\/{rel}","templated":true}]}}