{"id":2721,"date":"2018-06-04T10:53:49","date_gmt":"2018-06-04T10:53:49","guid":{"rendered":"https:\/\/www.asilah-darmanara.com\/taller-de-pan-y-reposteria-marroquies\/"},"modified":"2018-10-09T12:22:23","modified_gmt":"2018-10-09T12:22:23","slug":"taller-de-pan-y-reposteria-marroquies","status":"publish","type":"page","link":"https:\/\/www.asilah-darmanara.com\/fr\/taller-de-pan-y-reposteria-marroquies\/","title":{"rendered":"Atelier du pain artisanal"},"content":{"rendered":"<p>[et_pb_section bb_built=&#8221;1&#8243; _builder_version=&#8221;3.1.1&#8243; custom_margin=&#8221;0px|0px|0px|0px&#8221; custom_padding=&#8221;0px|0px|0px|0px&#8221; next_background_color=&#8221;#000000&#8243;][et_pb_row custom_padding=&#8221;0px|0px|0px|0px&#8221; custom_margin=&#8221;0px|0px|0px|0px&#8221; padding_top_1=&#8221;0px&#8221; padding_right_1=&#8221;0px&#8221; padding_bottom_1=&#8221;0px&#8221; padding_left_1=&#8221;0px&#8221; _builder_version=&#8221;3.1.1&#8243; module_alignment=&#8221;center&#8221; custom_css_main_element=&#8221;width: 100%!important;||max-width: 100%!important;&#8221;][et_pb_column type=&#8221;4_4&#8243;][et_pb_slider _builder_version=&#8221;3.1.1&#8243; auto=&#8221;on&#8221; auto_speed=&#8221;5000&#8243; custom_css_main_element=&#8221;width: 100%!important;|| max-width: 100%!important;&#8221;][et_pb_slide heading=&#8221;ACTIVIT\u00c9S&#8221; use_bg_overlay=&#8221;off&#8221; use_text_overlay=&#8221;off&#8221; _builder_version=&#8221;3.1.1&#8243; header_level=&#8221;h1&#8243; header_font=&#8221;Montez||||||||&#8221; header_font_size=&#8221;80&#8243; header_font_size_tablet=&#8221;40&#8243; header_font_size_phone=&#8221;40&#8243; header_font_size_last_edited=&#8221;on|phone&#8221; background_image=&#8221;https:\/\/www.asilah-darmanara.com\/wp-content\/uploads\/2018\/05\/Header-actividades-1024&#215;314.png&#8221; button_on_hover=&#8221;on&#8221; button_link=&#8221;#&#8221; background_color=&#8221;#ffffff&#8221; use_background_color_gradient=&#8221;off&#8221; background_color_gradient_start=&#8221;#2b87da&#8221; background_color_gradient_end=&#8221;#29c4a9&#8243; background_color_gradient_type=&#8221;linear&#8221; background_color_gradient_direction=&#8221;180deg&#8221; background_color_gradient_direction_radial=&#8221;center&#8221; background_color_gradient_start_position=&#8221;0%&#8221; background_color_gradient_end_position=&#8221;100%&#8221; background_color_gradient_overlays_image=&#8221;off&#8221; parallax=&#8221;off&#8221; parallax_method=&#8221;on&#8221; background_size=&#8221;cover&#8221; background_position=&#8221;center&#8221; background_repeat=&#8221;no-repeat&#8221; background_blend=&#8221;normal&#8221; allow_player_pause=&#8221;off&#8221; background_video_pause_outside_viewport=&#8221;on&#8221; text_border_radius=&#8221;3&#8243; alignment=&#8221;center&#8221; child_filter_hue_rotate=&#8221;0deg&#8221; child_filter_saturate=&#8221;100%&#8221; child_filter_brightness=&#8221;100%&#8221; child_filter_contrast=&#8221;100%&#8221; child_filter_invert=&#8221;0%&#8221; child_filter_sepia=&#8221;0%&#8221; child_filter_opacity=&#8221;100%&#8221; child_filter_blur=&#8221;0px&#8221; child_mix_blend_mode=&#8221;normal&#8221; background_layout=&#8221;dark&#8221; text_shadow_style=&#8221;none&#8221; header_text_shadow_style=&#8221;none&#8221; body_text_shadow_style=&#8221;none&#8221; custom_button=&#8221;off&#8221; button_bg_use_color_gradient=&#8221;off&#8221; button_bg_color_gradient_overlays_image=&#8221;off&#8221; button_use_icon=&#8221;on&#8221; button_text_shadow_style=&#8221;none&#8221; box_shadow_style_button=&#8221;none&#8221; \/][et_pb_slide heading=&#8221;ACTIVIT\u00c9S&#8221; use_bg_overlay=&#8221;off&#8221; use_text_overlay=&#8221;off&#8221; _builder_version=&#8221;3.1.1&#8243; header_level=&#8221;h1&#8243; header_font=&#8221;Montez||||||||&#8221; header_font_size=&#8221;80&#8243; header_font_size_tablet=&#8221;40&#8243; header_font_size_phone=&#8221;40&#8243; header_font_size_last_edited=&#8221;on|phone&#8221; background_image=&#8221;https:\/\/www.asilah-darmanara.com\/wp-content\/uploads\/2018\/07\/Festival-2018-2-min.jpg&#8221; button_on_hover=&#8221;on&#8221; button_link=&#8221;#&#8221; background_color=&#8221;#ffffff&#8221; use_background_color_gradient=&#8221;off&#8221; background_color_gradient_start=&#8221;#2b87da&#8221; background_color_gradient_end=&#8221;#29c4a9&#8243; background_color_gradient_type=&#8221;linear&#8221; background_color_gradient_direction=&#8221;180deg&#8221; background_color_gradient_direction_radial=&#8221;center&#8221; background_color_gradient_start_position=&#8221;0%&#8221; background_color_gradient_end_position=&#8221;100%&#8221; background_color_gradient_overlays_image=&#8221;off&#8221; parallax=&#8221;off&#8221; parallax_method=&#8221;on&#8221; background_size=&#8221;cover&#8221; background_position=&#8221;center&#8221; background_repeat=&#8221;no-repeat&#8221; background_blend=&#8221;normal&#8221; allow_player_pause=&#8221;off&#8221; background_video_pause_outside_viewport=&#8221;on&#8221; text_border_radius=&#8221;3&#8243; alignment=&#8221;center&#8221; child_filter_hue_rotate=&#8221;0deg&#8221; child_filter_saturate=&#8221;100%&#8221; child_filter_brightness=&#8221;100%&#8221; child_filter_contrast=&#8221;100%&#8221; child_filter_invert=&#8221;0%&#8221; child_filter_sepia=&#8221;0%&#8221; child_filter_opacity=&#8221;100%&#8221; child_filter_blur=&#8221;0px&#8221; child_mix_blend_mode=&#8221;normal&#8221; background_layout=&#8221;dark&#8221; text_shadow_style=&#8221;none&#8221; header_text_shadow_style=&#8221;none&#8221; body_text_shadow_style=&#8221;none&#8221; custom_button=&#8221;off&#8221; button_bg_use_color_gradient=&#8221;off&#8221; button_bg_color_gradient_overlays_image=&#8221;off&#8221; button_use_icon=&#8221;on&#8221; button_text_shadow_style=&#8221;none&#8221; box_shadow_style_button=&#8221;none&#8221; \/][et_pb_slide heading=&#8221;ACTIVIT\u00c9S&#8221; use_bg_overlay=&#8221;off&#8221; use_text_overlay=&#8221;off&#8221; _builder_version=&#8221;3.1.1&#8243; header_level=&#8221;h1&#8243; header_font=&#8221;Montez||||||||&#8221; header_font_size=&#8221;80&#8243; header_font_size_tablet=&#8221;40&#8243; header_font_size_phone=&#8221;40&#8243; header_font_size_last_edited=&#8221;on|phone&#8221; background_image=&#8221;https:\/\/www.asilah-darmanara.com\/wp-content\/uploads\/2018\/05\/Terraza-1024&#215;683.jpg&#8221; button_on_hover=&#8221;on&#8221; button_link=&#8221;#&#8221; background_color=&#8221;#ffffff&#8221; use_background_color_gradient=&#8221;off&#8221; background_color_gradient_start=&#8221;#2b87da&#8221; background_color_gradient_end=&#8221;#29c4a9&#8243; background_color_gradient_type=&#8221;linear&#8221; background_color_gradient_direction=&#8221;180deg&#8221; background_color_gradient_direction_radial=&#8221;center&#8221; background_color_gradient_start_position=&#8221;0%&#8221; background_color_gradient_end_position=&#8221;100%&#8221; background_color_gradient_overlays_image=&#8221;off&#8221; parallax=&#8221;off&#8221; parallax_method=&#8221;on&#8221; background_size=&#8221;cover&#8221; background_position=&#8221;center&#8221; background_repeat=&#8221;no-repeat&#8221; background_blend=&#8221;normal&#8221; allow_player_pause=&#8221;off&#8221; background_video_pause_outside_viewport=&#8221;on&#8221; text_border_radius=&#8221;3&#8243; alignment=&#8221;center&#8221; child_filter_hue_rotate=&#8221;0deg&#8221; child_filter_saturate=&#8221;100%&#8221; child_filter_brightness=&#8221;100%&#8221; child_filter_contrast=&#8221;100%&#8221; child_filter_invert=&#8221;0%&#8221; child_filter_sepia=&#8221;0%&#8221; child_filter_opacity=&#8221;100%&#8221; child_filter_blur=&#8221;0px&#8221; child_mix_blend_mode=&#8221;normal&#8221; background_layout=&#8221;dark&#8221; text_shadow_style=&#8221;none&#8221; header_text_shadow_style=&#8221;none&#8221; body_text_shadow_style=&#8221;none&#8221; custom_button=&#8221;off&#8221; button_bg_use_color_gradient=&#8221;off&#8221; button_bg_color_gradient_overlays_image=&#8221;off&#8221; button_use_icon=&#8221;on&#8221; button_text_shadow_style=&#8221;none&#8221; box_shadow_style_button=&#8221;none&#8221; \/][et_pb_slide heading=&#8221;ACTIVIT\u00c9S&#8221; use_bg_overlay=&#8221;off&#8221; use_text_overlay=&#8221;off&#8221; _builder_version=&#8221;3.1.1&#8243; header_level=&#8221;h1&#8243; header_font=&#8221;Montez||||||||&#8221; header_font_size=&#8221;80&#8243; header_font_size_tablet=&#8221;40&#8243; header_font_size_phone=&#8221;40&#8243; header_font_size_last_edited=&#8221;on|phone&#8221; background_image=&#8221;https:\/\/www.asilah-darmanara.com\/wp-content\/uploads\/2018\/07\/actividades-carrusel-4.jpg&#8221; button_on_hover=&#8221;on&#8221; background_position=&#8221;top_center&#8221; button_link=&#8221;#&#8221; background_color=&#8221;#ffffff&#8221; use_background_color_gradient=&#8221;off&#8221; background_color_gradient_start=&#8221;#2b87da&#8221; background_color_gradient_end=&#8221;#29c4a9&#8243; background_color_gradient_type=&#8221;linear&#8221; background_color_gradient_direction=&#8221;180deg&#8221; background_color_gradient_direction_radial=&#8221;center&#8221; background_color_gradient_start_position=&#8221;0%&#8221; background_color_gradient_end_position=&#8221;100%&#8221; background_color_gradient_overlays_image=&#8221;off&#8221; parallax=&#8221;off&#8221; parallax_method=&#8221;on&#8221; background_size=&#8221;cover&#8221; background_repeat=&#8221;no-repeat&#8221; background_blend=&#8221;normal&#8221; allow_player_pause=&#8221;off&#8221; background_video_pause_outside_viewport=&#8221;on&#8221; text_border_radius=&#8221;3&#8243; alignment=&#8221;center&#8221; child_filter_hue_rotate=&#8221;0deg&#8221; child_filter_saturate=&#8221;100%&#8221; child_filter_brightness=&#8221;100%&#8221; child_filter_contrast=&#8221;100%&#8221; child_filter_invert=&#8221;0%&#8221; child_filter_sepia=&#8221;0%&#8221; child_filter_opacity=&#8221;100%&#8221; child_filter_blur=&#8221;0px&#8221; child_mix_blend_mode=&#8221;normal&#8221; background_layout=&#8221;dark&#8221; text_shadow_style=&#8221;none&#8221; header_text_shadow_style=&#8221;none&#8221; body_text_shadow_style=&#8221;none&#8221; custom_button=&#8221;off&#8221; button_bg_use_color_gradient=&#8221;off&#8221; button_bg_color_gradient_overlays_image=&#8221;off&#8221; button_use_icon=&#8221;on&#8221; button_text_shadow_style=&#8221;none&#8221; box_shadow_style_button=&#8221;none&#8221; \/][\/et_pb_slider][\/et_pb_column][\/et_pb_row][\/et_pb_section][et_pb_section bb_built=&#8221;1&#8243; _builder_version=&#8221;3.1.1&#8243; custom_margin=&#8221;0px|0px|0px|0px&#8221; custom_padding=&#8221;0px|0px|0px|0px&#8221; prev_background_color=&#8221;#000000&#8243;][et_pb_row _builder_version=&#8221;3.0.47&#8243; background_size=&#8221;initial&#8221; background_position=&#8221;top_left&#8221; background_repeat=&#8221;repeat&#8221;][et_pb_column type=&#8221;4_4&#8243;][et_pb_text admin_label=&#8221;titulo Atelier du pain artisanal&#8221; _builder_version=&#8221;3.1.1&#8243; header_2_font=&#8221;Montez||||||||&#8221; header_2_text_align=&#8221;center&#8221; header_2_text_color=&#8221;#8e3d00&#8243; header_2_font_size=&#8221;60px&#8221; header_2_font_size_last_edited=&#8221;on|&#8221;]<\/p>\n<h2><strong>Atelier du pain artisanal<\/strong><\/h2>\n<p>[\/et_pb_text][et_pb_text admin_label=&#8221;Texto Atelier du pain artisanal&#8221; _builder_version=&#8221;3.1.1&#8243; header_4_font=&#8221;Montez||||||||&#8221; header_4_text_color=&#8221;#8e3d00&#8243; header_4_font_size=&#8221;41px&#8221; text_font_size=&#8221;18px&#8221;]<\/p>\n<p>Les confiseries traditionnels et modernes, et aussi les saveurs des doux moments est l&#8217;objective de notre atelier.<\/p>\n<p>L\u2019atelier de pain artisanal est une activit\u00e9 simple et cr\u00e9ative :<\/p>\n<p>Chaque jour les femmes pr\u00e9pare le pain chez eux et l\u2019emporte au four pour se cuire.<\/p>\n<p>L\u2019id\u00e9e de notre atelier est bas\u00e9e sur la r\u00e9cup\u00e9ration de cette pratique, aussi la d\u00e9couverte de l\u2019exp\u00e9rience dans son aspect plus authentique en faisant le pain soi-m\u00eame.<\/p>\n<ul>\n<li>Groupe de minimum 4 personnes.<\/li>\n<li>Maximum 11 personnes.<\/li>\n<li>L\u2019atelier se r\u00e9alise \u00e0 Dar Manara et dure quelques heures le matin ou l\u2019apr\u00e8s-midi.<\/li>\n<\/ul>\n<p>Comme guide, une femme marocaine enseigne ses connaissances et sa pratique pour la pr\u00e9paration du pain et les g\u00e2teaux marocaines.<\/p>\n<p>&nbsp;<\/p>\n<h4><\/h4>\n<h4><strong><em>P\u00e2tisserie marocaine artisanale<\/em><\/strong><\/h4>\n<ul>\n<li>Comme l\u2019activit\u00e9 pr\u00e9c\u00e9dente, il s\u2019agit de s\u2019int\u00e9grer au maximum avec les personnes locales et leurs coutumes.<\/li>\n<li>Dans les deux ateliers, les ingr\u00e9dients sont achet\u00e9s du Souk.<\/li>\n<li>L\u2019atelier se r\u00e9alise \u00e0 Dar Manara.<\/li>\n<li>Une fois pr\u00e9par\u00e9e nous amenons les p\u00e2tisseries au four pour se cuire et puis les apport\u00e9e pour les d\u00e9guster.<\/li>\n<\/ul>\n<p>[\/et_pb_text][\/et_pb_column][\/et_pb_row][et_pb_row admin_label=&#8221;Imagenes taller de pan&#8221; custom_padding=&#8221;0|0px|0|0px&#8221; _builder_version=&#8221;3.1.1&#8243; background_size=&#8221;initial&#8221; background_position=&#8221;top_left&#8221; background_repeat=&#8221;repeat&#8221;][et_pb_column type=&#8221;1_3&#8243;][et_pb_image src=&#8221;\/wp-content\/uploads\/2018\/05\/20180221_142801-min.jpg&#8221; _builder_version=&#8221;3.1.1&#8243;]<\/p>\n<p>&nbsp;<\/p>\n<p>[\/et_pb_image][\/et_pb_column][et_pb_column type=&#8221;1_3&#8243;][et_pb_image src=&#8221;\/wp-content\/uploads\/2018\/05\/20180221_142704-min.jpg&#8221; _builder_version=&#8221;3.1.1&#8243;]<\/p>\n<p>&nbsp;<\/p>\n<p>[\/et_pb_image][\/et_pb_column][et_pb_column type=&#8221;1_3&#8243;][et_pb_image src=&#8221;\/wp-content\/uploads\/2018\/05\/20180221_142755-min.jpg&#8221; _builder_version=&#8221;3.1.1&#8243;]<\/p>\n<p>&nbsp;<\/p>\n<p>[\/et_pb_image][\/et_pb_column][\/et_pb_row][\/et_pb_section]<\/p>\n","protected":false},"excerpt":{"rendered":"<p>[et_pb_section bb_built=&#8221;1&#8243; _builder_version=&#8221;3.1.1&#8243; custom_margin=&#8221;0px|0px|0px|0px&#8221; custom_padding=&#8221;0px|0px|0px|0px&#8221; next_background_color=&#8221;#000000&#8243;][et_pb_row custom_padding=&#8221;0px|0px|0px|0px&#8221; custom_margin=&#8221;0px|0px|0px|0px&#8221; padding_top_1=&#8221;0px&#8221; padding_right_1=&#8221;0px&#8221; padding_bottom_1=&#8221;0px&#8221; padding_left_1=&#8221;0px&#8221; _builder_version=&#8221;3.1.1&#8243; module_alignment=&#8221;center&#8221; custom_css_main_element=&#8221;width: 100%!important;||max-width: 100%!important;&#8221;][et_pb_column type=&#8221;4_4&#8243;][et_pb_slider _builder_version=&#8221;3.1.1&#8243; auto=&#8221;on&#8221; auto_speed=&#8221;5000&#8243; custom_css_main_element=&#8221;width: 100%!important;|| max-width: 100%!important;&#8221;][et_pb_slide heading=&#8221;ACTIVIT\u00c9S&#8221; use_bg_overlay=&#8221;off&#8221; use_text_overlay=&#8221;off&#8221; _builder_version=&#8221;3.1.1&#8243; header_level=&#8221;h1&#8243; header_font=&#8221;Montez||||||||&#8221; header_font_size=&#8221;80&#8243; header_font_size_tablet=&#8221;40&#8243; header_font_size_phone=&#8221;40&#8243; header_font_size_last_edited=&#8221;on|phone&#8221; background_image=&#8221;https:\/\/www.asilah-darmanara.com\/wp-content\/uploads\/2018\/05\/Header-actividades-1024&#215;314.png&#8221; button_on_hover=&#8221;on&#8221; button_link=&#8221;#&#8221; background_color=&#8221;#ffffff&#8221; use_background_color_gradient=&#8221;off&#8221; background_color_gradient_start=&#8221;#2b87da&#8221; background_color_gradient_end=&#8221;#29c4a9&#8243; background_color_gradient_type=&#8221;linear&#8221; background_color_gradient_direction=&#8221;180deg&#8221; background_color_gradient_direction_radial=&#8221;center&#8221; background_color_gradient_start_position=&#8221;0%&#8221; background_color_gradient_end_position=&#8221;100%&#8221; background_color_gradient_overlays_image=&#8221;off&#8221; parallax=&#8221;off&#8221; parallax_method=&#8221;on&#8221; background_size=&#8221;cover&#8221; background_position=&#8221;center&#8221; background_repeat=&#8221;no-repeat&#8221; background_blend=&#8221;normal&#8221; allow_player_pause=&#8221;off&#8221; [&hellip;]<\/p>\n","protected":false},"author":4,"featured_media":0,"parent":0,"menu_order":0,"comment_status":"closed","ping_status":"closed","template":"","meta":{"footnotes":""},"class_list":["post-2721","page","type-page","status-publish","hentry"],"_links":{"self":[{"href":"https:\/\/www.asilah-darmanara.com\/fr\/wp-json\/wp\/v2\/pages\/2721","targetHints":{"allow":["GET"]}}],"collection":[{"href":"https:\/\/www.asilah-darmanara.com\/fr\/wp-json\/wp\/v2\/pages"}],"about":[{"href":"https:\/\/www.asilah-darmanara.com\/fr\/wp-json\/wp\/v2\/types\/page"}],"author":[{"embeddable":true,"href":"https:\/\/www.asilah-darmanara.com\/fr\/wp-json\/wp\/v2\/users\/4"}],"replies":[{"embeddable":true,"href":"https:\/\/www.asilah-darmanara.com\/fr\/wp-json\/wp\/v2\/comments?post=2721"}],"version-history":[{"count":8,"href":"https:\/\/www.asilah-darmanara.com\/fr\/wp-json\/wp\/v2\/pages\/2721\/revisions"}],"predecessor-version":[{"id":3221,"href":"https:\/\/www.asilah-darmanara.com\/fr\/wp-json\/wp\/v2\/pages\/2721\/revisions\/3221"}],"wp:attachment":[{"href":"https:\/\/www.asilah-darmanara.com\/fr\/wp-json\/wp\/v2\/media?parent=2721"}],"curies":[{"name":"wp","href":"https:\/\/api.w.org\/{rel}","templated":true}]}}