{"id":3294,"date":"2018-10-10T08:41:47","date_gmt":"2018-10-10T08:41:47","guid":{"rendered":"https:\/\/www.asilah-darmanara.com\/politica-de-privacidad\/"},"modified":"2018-10-15T08:27:18","modified_gmt":"2018-10-15T08:27:18","slug":"politica-de-cookies","status":"publish","type":"page","link":"https:\/\/www.asilah-darmanara.com\/fr\/politica-de-cookies\/","title":{"rendered":"Politique de cookies"},"content":{"rendered":"<p>[et_pb_section bb_built=&#8221;1&#8243; _builder_version=&#8221;3.1.1&#8243; custom_margin=&#8221;0px|0px|0px|0px&#8221; custom_padding=&#8221;0px|0px|0px|0px&#8221; next_background_color=&#8221;#000000&#8243;][et_pb_row _builder_version=&#8221;3.1.1&#8243; background_size=&#8221;initial&#8221; background_position=&#8221;top_left&#8221; background_repeat=&#8221;repeat&#8221;][et_pb_column type=&#8221;4_4&#8243;][\/et_pb_column][\/et_pb_row][\/et_pb_section][et_pb_section bb_built=&#8221;1&#8243; _builder_version=&#8221;3.0.47&#8243; custom_padding=&#8221;54px|0px|0|330px&#8221; prev_background_color=&#8221;#000000&#8243;][et_pb_row _builder_version=&#8221;3.0.47&#8243; background_size=&#8221;initial&#8221; background_position=&#8221;top_left&#8221; background_repeat=&#8221;repeat&#8221;][et_pb_column type=&#8221;4_4&#8243;][et_pb_text _builder_version=&#8221;3.1.1&#8243; text_font_size=&#8221;18px&#8221; header_text_color=&#8221;#8e3d00&#8243; header_2_font=&#8221;Montez||||||||&#8221; header_2_text_color=&#8221;#8e4208&#8243; header_2_font_size=&#8221;50px&#8221; header_2_font_size_phone=&#8221;41px&#8221; header_2_font_size_last_edited=&#8221;on|phone&#8221; header_3_font_size=&#8221;30px&#8221;]<\/p>\n<h1><strong>POLITIQUE DE COOKIES<\/strong><\/h1>\n<p>&nbsp;<\/p>\n<p>Un cookie est un fichier t\u00e9l\u00e9charg\u00e9 sur votre ordinateur lorsque vous acc\u00e9dez \u00e0 certaines pages web. Les cookies permettent entre autre de stocker et de r\u00e9cup\u00e9rer des informations sur les habitudes de navigation d\u2019un utilisateur ou de son \u00e9quipe, en fonction des informations utilis\u00e9es par leur \u00e9quipe, peut \u00eatre utilis\u00e9 pour connaitre l\u2019utilisateur. Le navigateur d\u2019utilisateur m\u00e9morise les cookies sur le disque dur uniquement pendant la session en cours occupant un espace m\u00e9moire minimal et ne cessant aucun dommage a l\u2019ordinateur.<\/p>\n<p>Les cookies ne contiennent aucune sorte d\u2019informations personnelles sp\u00e9cifiques et la plupart d\u2019entre elles sont supprim\u00e9es du disque dur \u00e0 la fin de la session du navigateur (appel\u00e9e cookies de session).<\/p>\n<p>La plupart des navigateurs acceptent les cookies comme norme et ind\u00e9pendamment de ceux-ci, autorisent ou interdisent les cookies temporaires ou stockes dans les param\u00e8tres de s\u00e9curit\u00e9.<\/p>\n<p><strong>Quel types de cookies se site utilise-t-il\u00a0?<\/strong><\/p>\n<p><strong>Cookies techniques<\/strong>\u00a0: sont ceux qui permettent \u00e0 l\u2019utilisateur de navigateur dans une application et d\u2019utiliser les diff\u00e9rentes options ou services existants tel que le contr\u00f4le du trafic et la communication de donnes, , l\u2019identification de la session, l\u2019acc\u00e8s partie \u00e0 acc\u00e8s restreint, faire la demande d\u2019enregistrement, utiliser des \u00e9l\u00e9ments de s\u00e9curit\u00e9 pendant la navigation, stocker du contenu pour la diffusion des vid\u00e9os ou des sons ou partager du contenu via des r\u00e9seaux sociaux , etc.<\/p>\n<p><strong>Cookies de personnalisation<\/strong><strong>\u00a0: <\/strong>sont celles qui permettent \u00e0 l&#8217;utilisateur d&#8217;acc\u00e9der au service avec certaines caract\u00e9ristiques des caract\u00e9ristiques g\u00e9n\u00e9rales pr\u00e9d\u00e9finies en fonction d&#8217;une s\u00e9rie de crit\u00e8re dans le terminal utilisateur, comme par exemple le langage, le type de navigateur \u00e0 partir duquel l&#8217;acc\u00e8s au service, ETC<\/p>\n<p><strong>Cookies d\u2019analyses<\/strong><strong>\u00a0: <\/strong>sont ceux qui sont bien trait\u00e9 par nous ou par un tiers, nous permettent de quantifier le nombre d\u2019utilisateur et ainsi effectuer la mesure et l\u2019analyse statistique de l\u2019utilisation faite par les utilisations des informations sur le site web.<\/p>\n<p><strong>cookies tiers<\/strong><strong>\u00a0:<\/strong> le site web ( <a href=\"https:\/\/asilah-darmanara.com\">www.asilah-darmanara.com<\/a>) vous pouvez utiliser des services tiers tel que GOOGLE ANALYTIQUE comme outil d\u2019analyse statistique.<\/p>\n<p>En particulier, ce site utilise GOOGLE ANALYTIQUE, un Service d\u2019analyse de site internet fourni par Google, INC. Avec adresse ou USA dont le si\u00e8ge social est situ\u00e9 \u00e0 1600 Amphith\u00e9\u00e2tre Parkway, Mountain View, California 94043.Pour la fourniture de ces services, ces utilisateurs recueillent les informations, y compris l\u2019adresse IP de l\u2019utilisateur qui seront transmis, rechercher et stocker par Google dans les conditions pr\u00e9vus sur le web Google.com y compris la transmission possible de telles informations \u00e0 des tiers parties pour raison d\u2019une obligation juridique ou lors du traitement des tiers parties par le compte Google.<\/p>\n<p>L\u2019utilisateur accepte express\u00e9ment, par l\u2019utilisateur de ce site le traitement des informations recueillies des mani\u00e8res et aux fins pr\u00e9cit\u00e9es et, reconnait \u00e9galement connaitre la possibilit\u00e9 de rejeter le traitement de ces donnes ou informations en rappelant l\u2019utilisation des cookies en s\u00e9lectionnant la configuration.<\/p>\n<p>Approprie \u00e0 cet effet dans votre navigateur, m\u00eame si cette option de blocage des cookies dans vos navigateurs peut ne pas permettre une utilisation compl\u00e8te de tout le site web.<\/p>\n<p>Vous pouvez autoriser, bloquer ou supprimer les cookies installes sur votre ordinateur en configurant les options des navigateurs install\u00e9es sur votre ordinateurs.<\/p>\n<p>Si vous avez des doutes et des questions sur cette politique de cookies, vous pouvez nous contacter sur\u00a0: (info @asilah-darmanara.com).<\/p>\n<p>[\/et_pb_text][\/et_pb_column][\/et_pb_row][\/et_pb_section]<\/p>\n","protected":false},"excerpt":{"rendered":"<p>[et_pb_section bb_built=&#8221;1&#8243; _builder_version=&#8221;3.1.1&#8243; custom_margin=&#8221;0px|0px|0px|0px&#8221; custom_padding=&#8221;0px|0px|0px|0px&#8221; next_background_color=&#8221;#000000&#8243;][et_pb_row _builder_version=&#8221;3.1.1&#8243; background_size=&#8221;initial&#8221; background_position=&#8221;top_left&#8221; background_repeat=&#8221;repeat&#8221;][et_pb_column type=&#8221;4_4&#8243;][\/et_pb_column][\/et_pb_row][\/et_pb_section][et_pb_section bb_built=&#8221;1&#8243; _builder_version=&#8221;3.0.47&#8243; custom_padding=&#8221;54px|0px|0|330px&#8221; prev_background_color=&#8221;#000000&#8243;][et_pb_row _builder_version=&#8221;3.0.47&#8243; background_size=&#8221;initial&#8221; background_position=&#8221;top_left&#8221; background_repeat=&#8221;repeat&#8221;][et_pb_column type=&#8221;4_4&#8243;][et_pb_text _builder_version=&#8221;3.1.1&#8243; text_font_size=&#8221;18px&#8221; header_text_color=&#8221;#8e3d00&#8243; header_2_font=&#8221;Montez||||||||&#8221; header_2_text_color=&#8221;#8e4208&#8243; header_2_font_size=&#8221;50px&#8221; header_2_font_size_phone=&#8221;41px&#8221; header_2_font_size_last_edited=&#8221;on|phone&#8221; header_3_font_size=&#8221;30px&#8221;] POLITIQUE DE COOKIES &nbsp; Un cookie est un fichier t\u00e9l\u00e9charg\u00e9 sur votre ordinateur lorsque vous acc\u00e9dez \u00e0 certaines pages web. Les cookies permettent entre autre de [&hellip;]<\/p>\n","protected":false},"author":4,"featured_media":0,"parent":0,"menu_order":0,"comment_status":"closed","ping_status":"closed","template":"","meta":{"footnotes":""},"class_list":["post-3294","page","type-page","status-publish","hentry"],"_links":{"self":[{"href":"https:\/\/www.asilah-darmanara.com\/fr\/wp-json\/wp\/v2\/pages\/3294","targetHints":{"allow":["GET"]}}],"collection":[{"href":"https:\/\/www.asilah-darmanara.com\/fr\/wp-json\/wp\/v2\/pages"}],"about":[{"href":"https:\/\/www.asilah-darmanara.com\/fr\/wp-json\/wp\/v2\/types\/page"}],"author":[{"embeddable":true,"href":"https:\/\/www.asilah-darmanara.com\/fr\/wp-json\/wp\/v2\/users\/4"}],"replies":[{"embeddable":true,"href":"https:\/\/www.asilah-darmanara.com\/fr\/wp-json\/wp\/v2\/comments?post=3294"}],"version-history":[{"count":7,"href":"https:\/\/www.asilah-darmanara.com\/fr\/wp-json\/wp\/v2\/pages\/3294\/revisions"}],"predecessor-version":[{"id":3430,"href":"https:\/\/www.asilah-darmanara.com\/fr\/wp-json\/wp\/v2\/pages\/3294\/revisions\/3430"}],"wp:attachment":[{"href":"https:\/\/www.asilah-darmanara.com\/fr\/wp-json\/wp\/v2\/media?parent=3294"}],"curies":[{"name":"wp","href":"https:\/\/api.w.org\/{rel}","templated":true}]}}