{"id":3374,"date":"2018-07-04T20:29:13","date_gmt":"2018-07-04T20:29:13","guid":{"rendered":"https:\/\/www.asilah-darmanara.com\/aviso-legal\/"},"modified":"2018-10-15T08:40:26","modified_gmt":"2018-10-15T08:40:26","slug":"aviso-legal","status":"publish","type":"page","link":"https:\/\/www.asilah-darmanara.com\/fr\/aviso-legal\/","title":{"rendered":"AVIS  JURIDIQUE"},"content":{"rendered":"<p>[et_pb_section bb_built=&#8221;1&#8243; _builder_version=&#8221;3.1.1&#8243; custom_margin=&#8221;0px|0px|0px|0px&#8221; custom_padding=&#8221;0px|0px|0px|0px&#8221; next_background_color=&#8221;#000000&#8243;][et_pb_row _builder_version=&#8221;3.1.1&#8243; background_size=&#8221;initial&#8221; background_position=&#8221;top_left&#8221; background_repeat=&#8221;repeat&#8221;][et_pb_column type=&#8221;4_4&#8243;][\/et_pb_column][\/et_pb_row][\/et_pb_section][et_pb_section bb_built=&#8221;1&#8243; _builder_version=&#8221;3.0.47&#8243; custom_padding=&#8221;54px|0px|0|330px&#8221; prev_background_color=&#8221;#000000&#8243;][et_pb_row _builder_version=&#8221;3.0.47&#8243; background_size=&#8221;initial&#8221; background_position=&#8221;top_left&#8221; background_repeat=&#8221;repeat&#8221;][et_pb_column type=&#8221;4_4&#8243;][et_pb_text _builder_version=&#8221;3.1.1&#8243; text_font_size=&#8221;18px&#8221; header_text_color=&#8221;#8e3d00&#8243; header_2_font=&#8221;Montez||||||||&#8221; header_2_text_color=&#8221;#8e4208&#8243; header_2_font_size=&#8221;50px&#8221; header_2_font_size_phone=&#8221;41px&#8221; header_2_font_size_last_edited=&#8221;on|phone&#8221; header_3_font_size=&#8221;30px&#8221;]<\/p>\n<div class=\"wpb_text_column wpb_content_element \">\n<h1 class=\"wpb_wrapper\"><strong>AVIS JURIDIQUE<br \/>\n<\/strong><\/h1>\n<\/div>\n<p>&nbsp;<\/p>\n<p><strong>1 DONN\u00c9ES IDENTIFI\u00c9ES<\/strong><\/p>\n<p>Conform\u00e9ment au devoir d&#8217;information pr\u00e9vu \u00e0 l&#8217;article 10 de la loi n \u00b0 34\/2002 du 11 juillet relative aux services de la soci\u00e9t\u00e9 de l&#8217;information et du commerce \u00e9lectronique, les donn\u00e9es suivantes sont refl\u00e9t\u00e9es: le propri\u00e9taire de la soci\u00e9t\u00e9 titulaire de la domaine web est la SARL Dar Manara (ci-apr\u00e8s Dar Manara), ayant comme adresse l&#8217;adresse C \/ .Mjemaa, 23, 90050, Asilah Maroc, du num\u00e9ro d&#8217;identification 50705827. Email de contact du site web: <a href=\"mailto:info@asilah-darmanara.com\">info@asilah-darmanara.com<\/a>.<\/p>\n<p><strong>2 UTILISATEURS.<\/strong><\/p>\n<p>L\u2019acc\u00e8s et \/ ou l\u2019utilisation de ce portail de Dar Manara attribue la condition d\u2019UTILISATEUR, qui accepte, \u00e0 partir dudit acc\u00e8s et \/ ou de cette utilisation, les Conditions g\u00e9n\u00e9rales d\u2019utilisation refl\u00e9t\u00e9es ci-dessus. Ces conditions seront celles d\u2019une application ind\u00e9pendante des Conditions g\u00e9n\u00e9rales de dans leur cas, ils sont obligatoires.<\/p>\n<p><strong>3 Utilisation du portail<\/strong><\/p>\n<p>DAR MANARA.net fournit un acc\u00e8s \u00e0 des informations, des services, des programmes ou des donn\u00e9es (ci-apr\u00e8s, le contenu) sur Internet appartenant \u00e0 DAR MANARA ou \u00e0 ses donneurs de licence auxquels l&#8217;UTILISATEUR peut avoir acc\u00e8s.<\/p>\n<p>L\u2019UTILISATEUR assume la responsabilit\u00e9 de l\u2019utilisation du portail et s\u2019applique \u00e0 l\u2019enregistrement n\u00e9cessaire pour acc\u00e9der \u00e0 certains services ou contenus.<\/p>\n<p>Dans ce registre, il incombe \u00e0 l&#8217;utilisateur de fournir des informations v\u00e9ridiques et authentiques, ce qui lui permet de fournir un mot de passe dont il sera responsable, s&#8217;engageant \u00e0 en faire un usage diligent et confidentiel.<\/p>\n<p>L&#8217;UTILISATEUR s&#8217;engage \u00e0 utiliser de mani\u00e8re appropri\u00e9e le contenu et les services (tels que les services de chat, forums de discussion ou groupes de discussion) propos\u00e9s par le cr\u00e9ateur du site Web de la soci\u00e9t\u00e9 par le biais de son portail et pr\u00e9sentant un caract\u00e8re \u00e9nonciatif, mais ne pas limiter, ne pas les utiliser pour (i) se livrer \u00e0 des activit\u00e9s ill\u00e9gales, ill\u00e9gales ou contraires \u00e0 la bonne foi et \u00e0 l&#8217;ordre public, (ii) diffuser du contenu ou des propos propagande racistes, x\u00e9nophobes, pornographiques ill\u00e9gaux, des excuses terroristes contre les droits de l&#8217;homme, (iii) causer des dommages aux syst\u00e8mes physiques et logiques du nom de la soci\u00e9t\u00e9 qui a cr\u00e9\u00e9 le site Web, ses fournisseurs ou des tiers, d&#8217;introduire ou de diffuser des virus informatiques ou tout autre syst\u00e8me physique ou logique du r\u00e9seau. (iv) essayer d&#8217;acc\u00e9der et, le cas \u00e9ch\u00e9ant, d&#8217;utiliser les comptes de messagerie d&#8217;autres utilisateurs et le site Web se r\u00e9serve le droit de: retirez tous les commentaires et contributions qui violent le respect de la dignit\u00e9 de la personne, qui sont discriminatoires, x\u00e9nophobes, racistes, pornographiques, qui portent atteinte \u00e0 la jeunesse ou \u00e0 l&#8217;enfance, \u00e0 l&#8217;ordre public ou \u00e0 la s\u00e9curit\u00e9 publique ou, selon vous, Dans tous les cas, DAR MANARA ne sera pas responsable des opinions exprim\u00e9es par les utilisateurs \u00e0 travers les forums.<\/p>\n<ol start=\"4\">\n<li><strong> PROTECTION DES DONN\u00c9ES<\/strong><\/li>\n<\/ol>\n<p>DAR MANARA respecte les consignes de la loi organique 15\/1999 du 13 d\u00e9cembre sur la protection des donn\u00e9es personnelles, d\u00e9cret royal 1720\/2007 du 21 d\u00e9cembre, qui approuve le r\u00e8glement pour l&#8217;\u00e9laboration de la loi organique et d&#8217;autres r\u00e8glements. en vigueur \u00e0 tout moment, et veille \u00e0 assurer l&#8217;utilisation et le traitement \u00e9lectroniques des donn\u00e9es personnelles de l&#8217;utilisateur par courrier \u00e9lectronique. Pour ce faire, en m\u00eame temps que chaque forme de collecte de donn\u00e9es \u00e0 caract\u00e8re personnel, les services que l&#8217;utilisateur peut acc\u00e9der \u00e0( info @ asilah-darmanara .com), informera l&#8217;utilisateur de l&#8217;existence et de l&#8217;acceptation des conditions particuli\u00e8res du traitement de ses donn\u00e9es dans chaque cas, en l&#8217;informant de la responsabilit\u00e9 du fichier cr\u00e9\u00e9, de l&#8217;adresse du responsable, de la possibilit\u00e9 d&#8217;exercer ses droits d&#8217;acc\u00e8s, de rectification, d&#8217;annulation ou opposition, l\u2019objet du traitement et les communications de donn\u00e9es \u00e0 des tiers, le cas \u00e9ch\u00e9ant.<\/p>\n<p>De m\u00eame, DAR MANARA informe qu&#8217;il se conforme \u00e0 la loi 34\/2002 du 11 juillet relative aux services de la soci\u00e9t\u00e9 de l&#8217;information et du commerce \u00e9lectronique et vous demandera votre consentement pour le traitement de votre courrier \u00e9lectronique \u00e0 des fins commerciales \u00e0 tout moment.<\/p>\n<ol start=\"5\">\n<li><strong> Propri\u00e9t\u00e9 intellectuelle et industrielle<\/strong><\/li>\n<\/ol>\n<p>DAR MANARA seul ou en qualit\u00e9 de cessionnaire, est propri\u00e9taire de tous les droits de propri\u00e9t\u00e9 intellectuelle et industrielle de son site web, ainsi que des \u00e9l\u00e9ments qu&#8217;il contient (par exemple, images, sons, audio, vid\u00e9o, logiciels ou textes; marques ou logos, combinaisons de couleurs, structure et design, s\u00e9lection des mat\u00e9riaux utilis\u00e9s, programmes informatiques n\u00e9cessaires \u00e0 son fonctionnement, acc\u00e8s et utilisation, etc.), propri\u00e9t\u00e9 de DAR MANARA ou de ses conqu\u00e9rants de licence.<\/p>\n<p>Tous droits r\u00e9serv\u00e9s. En vertu des dispositions des articles 8 et 32.1, deuxi\u00e8me alin\u00e9a, de la loi sur la propri\u00e9t\u00e9 intellectuelle, la reproduction, la distribution et la communication au public, y compris le mode de mise \u00e0 disposition, de tout ou partie des articles sont express\u00e9ment interdite. Contenu de ce site, \u00e0 des fins commerciales, sur tout support et par tout moyen technique, sans l&#8217;autorisation de DAR MANARA. L&#8217;UTILISATEUR s&#8217;engage \u00e0 respecter les droits de propri\u00e9t\u00e9 intellectuelle et industrielle appartenant \u00e0 DAR MANARA. Vous pouvez visualiser les \u00e9l\u00e9ments du portail et m\u00eame les imprimer, les copier et les stocker sur le disque dur de votre ordinateur ou sur tout autre support physique, \u00e0 condition que ce soit uniquement et exclusivement pour votre usage personnel et priv\u00e9. L&#8217;UTILISATEUR doit s&#8217;abstenir de supprimer, modifier, \u00e9luder ou manipuler tout dispositif de protection ou syst\u00e8me de s\u00e9curit\u00e9 install\u00e9 sur les pages de DAR MANARA.<\/p>\n<ol start=\"6\">\n<li><strong> EXCLUSION DE GARANTIES ET DE RESPONSABILIT\u00c9<\/strong><\/li>\n<\/ol>\n<p>DAR MANARA n&#8217;est en aucun cas responsable des dommages de toute nature pouvant entra\u00eener, par exemple: des erreurs ou des omissions dans le contenu, le manque de disponibilit\u00e9 du portail ou la transmission de virus ou de programmes malveillants ou nuisibles aux utilisateurs. le contenu, bien qu\u2019il ait adopt\u00e9 toutes les mesures techniques n\u00e9cessaires pour l\u2019\u00e9viter.<\/p>\n<ol start=\"7\">\n<li><strong> MODIFICATIONS<\/strong><\/li>\n<\/ol>\n<p>DAR MANARA se r\u00e9serve le droit d&#8217;effectuer sans pr\u00e9avis les modifications qu&#8217;il jugera appropri\u00e9es sur son portail, pouvant changer, supprimer ou ajouter des contenus et des services fournis de la m\u00eame mani\u00e8re que le formulaire dans lequel ils apparaissent pr\u00e9sent\u00e9s ou localis\u00e9s dans votre portail.<\/p>\n<ol start=\"8\">\n<li><strong> LIENS<\/strong><\/li>\n<\/ol>\n<p>Dans le cas o\u00f9 des liens ou des hyperliens www.asilah-darmanara.com seraient cr\u00e9\u00e9s vers d&#8217;autres sites Internet, DAR MANARA n&#8217;exercera aucun contr\u00f4le sur ces sites ni sur leur contenu. En aucun cas, DAR MANARA n&#8217;assumera aucune responsabilit\u00e9 pour le contenu de tout lien appartenant \u00e0 un site Web tiers, ni ne garantira la disponibilit\u00e9 technique, la qualit\u00e9, la fiabilit\u00e9, la pr\u00e9cision, l&#8217;amplitude, la v\u00e9racit\u00e9, la validit\u00e9 et la constitutionnalit\u00e9 de tout contenu ou information contenue dans l&#8217;un de ces sites. Des hyperliens ou d&#8217;autres sites Internet.<\/p>\n<p>De m\u00eame, l&#8217;inclusion de ces connexions externes n&#8217;impliquera aucun type d&#8217;association, de fusion ou de participation avec les entit\u00e9s connect\u00e9es.<\/p>\n<ol start=\"9\">\n<li><strong> DROIT D&#8217;EXCLUSION<\/strong><\/li>\n<\/ol>\n<p>DAR MANARA se r\u00e9serve le droit de refuser ou de retirer l&#8217;acc\u00e8s au portail et \/ ou aux services offerts sans pr\u00e9avis, seul ou par un tiers, aux utilisateurs qui ne respecteraient pas les pr\u00e9sentes conditions g\u00e9n\u00e9rales d&#8217;utilisation.<\/p>\n<ol start=\"10\">\n<li><strong> GENERALITES<\/strong><\/li>\n<\/ol>\n<p>DAR MANARA poursuivra la violation de ces conditions ainsi que toute utilisation abusive de son portail exer\u00e7ant toutes les actions civiles et p\u00e9nales qui pourraient lui correspondre par la loi.<\/p>\n<ol start=\"11\">\n<li><strong> MODIFICATION DES CONDITIONS ET DE LA DUR\u00c9E ACTUELLES<\/strong><\/li>\n<\/ol>\n<p>DAR MANARA peut modifier \u00e0 tout moment les conditions ici d\u00e9termin\u00e9es, d\u00fbment publi\u00e9es telles qu&#8217;elles apparaissent ici.<\/p>\n<p>La validit\u00e9 des conditions susmentionn\u00e9es d\u00e9pendra de leur exposition et sera valable jusqu\u2019\u00e0 ce qu\u2019elle soit d\u00fbment publi\u00e9e. qui sont modifi\u00e9s par d&#8217;autres.<\/p>\n<ol start=\"12\">\n<li><strong> L\u00c9GISLATION ET JURIDICTION APPLICABLES<\/strong><\/li>\n<\/ol>\n<p>La relation entre DAR MANARA et l\u2019UTILISATEUR sera r\u00e9gie par la r\u00e9glementation espagnole en vigueur et toute controverse sera soumise aux tribunaux de la ville de BARCELONE.<\/p>\n<p>[\/et_pb_text][\/et_pb_column][\/et_pb_row][\/et_pb_section]<\/p>\n","protected":false},"excerpt":{"rendered":"<p>[et_pb_section bb_built=&#8221;1&#8243; _builder_version=&#8221;3.1.1&#8243; custom_margin=&#8221;0px|0px|0px|0px&#8221; custom_padding=&#8221;0px|0px|0px|0px&#8221; next_background_color=&#8221;#000000&#8243;][et_pb_row _builder_version=&#8221;3.1.1&#8243; background_size=&#8221;initial&#8221; background_position=&#8221;top_left&#8221; background_repeat=&#8221;repeat&#8221;][et_pb_column type=&#8221;4_4&#8243;][\/et_pb_column][\/et_pb_row][\/et_pb_section][et_pb_section bb_built=&#8221;1&#8243; _builder_version=&#8221;3.0.47&#8243; custom_padding=&#8221;54px|0px|0|330px&#8221; prev_background_color=&#8221;#000000&#8243;][et_pb_row _builder_version=&#8221;3.0.47&#8243; background_size=&#8221;initial&#8221; background_position=&#8221;top_left&#8221; background_repeat=&#8221;repeat&#8221;][et_pb_column type=&#8221;4_4&#8243;][et_pb_text _builder_version=&#8221;3.1.1&#8243; text_font_size=&#8221;18px&#8221; header_text_color=&#8221;#8e3d00&#8243; header_2_font=&#8221;Montez||||||||&#8221; header_2_text_color=&#8221;#8e4208&#8243; header_2_font_size=&#8221;50px&#8221; header_2_font_size_phone=&#8221;41px&#8221; header_2_font_size_last_edited=&#8221;on|phone&#8221; header_3_font_size=&#8221;30px&#8221;] AVIS JURIDIQUE &nbsp; 1 DONN\u00c9ES IDENTIFI\u00c9ES Conform\u00e9ment au devoir d&#8217;information pr\u00e9vu \u00e0 l&#8217;article 10 de la loi n \u00b0 34\/2002 du 11 juillet relative aux services [&hellip;]<\/p>\n","protected":false},"author":4,"featured_media":0,"parent":0,"menu_order":0,"comment_status":"closed","ping_status":"closed","template":"","meta":{"footnotes":""},"class_list":["post-3374","page","type-page","status-publish","hentry"],"_links":{"self":[{"href":"https:\/\/www.asilah-darmanara.com\/fr\/wp-json\/wp\/v2\/pages\/3374","targetHints":{"allow":["GET"]}}],"collection":[{"href":"https:\/\/www.asilah-darmanara.com\/fr\/wp-json\/wp\/v2\/pages"}],"about":[{"href":"https:\/\/www.asilah-darmanara.com\/fr\/wp-json\/wp\/v2\/types\/page"}],"author":[{"embeddable":true,"href":"https:\/\/www.asilah-darmanara.com\/fr\/wp-json\/wp\/v2\/users\/4"}],"replies":[{"embeddable":true,"href":"https:\/\/www.asilah-darmanara.com\/fr\/wp-json\/wp\/v2\/comments?post=3374"}],"version-history":[{"count":3,"href":"https:\/\/www.asilah-darmanara.com\/fr\/wp-json\/wp\/v2\/pages\/3374\/revisions"}],"predecessor-version":[{"id":3445,"href":"https:\/\/www.asilah-darmanara.com\/fr\/wp-json\/wp\/v2\/pages\/3374\/revisions\/3445"}],"wp:attachment":[{"href":"https:\/\/www.asilah-darmanara.com\/fr\/wp-json\/wp\/v2\/media?parent=3374"}],"curies":[{"name":"wp","href":"https:\/\/api.w.org\/{rel}","templated":true}]}}